{"id":8962,"date":"2024-04-21T16:56:34","date_gmt":"2024-04-21T16:56:34","guid":{"rendered":"https:\/\/certillion.com\/checkout\/"},"modified":"2024-08-29T22:16:00","modified_gmt":"2024-08-29T22:16:00","slug":"checkout","status":"publish","type":"page","link":"https:\/\/certillion.com\/en\/checkout\/","title":{"rendered":"Checkout"},"content":{"rendered":"\t\t<div data-elementor-type=\"wp-page\" data-elementor-id=\"8962\" class=\"elementor elementor-8962\" data-elementor-post-type=\"page\">\n\t\t\t\t\t\t<section class=\"elementor-section elementor-top-section elementor-element elementor-element-5b0620f8 elementor-section-boxed elementor-section-height-default elementor-section-height-default wpr-particle-no wpr-jarallax-no wpr-parallax-no wpr-sticky-section-no\" data-id=\"5b0620f8\" data-element_type=\"section\">\n\t\t\t\t\t\t<div class=\"elementor-container elementor-column-gap-wide\">\n\t\t\t\t\t<div class=\"aux-parallax-section elementor-column elementor-col-50 elementor-top-column elementor-element elementor-element-3f25af19\" data-id=\"3f25af19\" data-element_type=\"column\">\n\t\t\t<div class=\"elementor-widget-wrap elementor-element-populated\">\n\t\t\t\t\t\t<div class=\"elementor-element elementor-element-6c88d78 elementor-widget__width-initial aux-appear-watch-animation aux-slide-from-bot elementor-widget elementor-widget-aux_modern_heading\" data-id=\"6c88d78\" data-element_type=\"widget\" data-widget_type=\"aux_modern_heading.default\">\n\t\t\t\t<div class=\"elementor-widget-container\">\n\t\t\t<section class=\"aux-widget-modern-heading\">\n            <div class=\"aux-widget-inner\"><h5 class=\"aux-modern-heading-primary\">Checkout<\/h5><div class=\"aux-modern-heading-divider\"><\/div><h4 class=\"aux-modern-heading-secondary\"><span class=\"aux-head-before\">Finalize Purchase<\/span><\/h4><\/div>\n        <\/section>\t\t<\/div>\n\t\t\t\t<\/div>\n\t\t\t\t\t<\/div>\n\t\t<\/div>\n\t\t\t\t<div class=\"aux-parallax-section elementor-column elementor-col-50 elementor-top-column elementor-element elementor-element-4135a775\" data-id=\"4135a775\" data-element_type=\"column\">\n\t\t\t<div class=\"elementor-widget-wrap elementor-element-populated\">\n\t\t\t\t\t\t<div class=\"elementor-element elementor-element-6c0a82e elementor-align-right elementor-mobile-align-left elementor-tablet-align-center elementor-widget elementor-widget-button\" data-id=\"6c0a82e\" data-element_type=\"widget\" data-widget_type=\"button.default\">\n\t\t\t\t<div class=\"elementor-widget-container\">\n\t\t\t\t\t<div class=\"elementor-button-wrapper\">\n\t\t\t<a class=\"elementor-button elementor-button-link elementor-size-sm\" href=\"https:\/\/certillion.com\/?page_id=4466\">\n\t\t\t\t\t\t<span class=\"elementor-button-content-wrapper\">\n\t\t\t\t\t\t<span class=\"elementor-button-icon\">\n\t\t\t\t<i aria-hidden=\"true\" class=\"auxicon2 auxicon2-arrow-line-med-left\"><\/i>\t\t\t<\/span>\n\t\t\t\t\t\t\t\t\t<span class=\"elementor-button-text\">Voltar<\/span>\n\t\t\t\t\t<\/span>\n\t\t\t\t\t<\/a>\n\t\t<\/div>\n\t\t\t\t<\/div>\n\t\t\t\t<\/div>\n\t\t\t\t\t<\/div>\n\t\t<\/div>\n\t\t\t\t\t<\/div>\n\t\t<\/section>\n\t\t<div class=\"elementor-element elementor-element-9066cd8 e-flex e-con-boxed wpr-particle-no wpr-jarallax-no wpr-parallax-no wpr-sticky-section-no e-con e-parent\" data-id=\"9066cd8\" data-element_type=\"container\">\n\t\t\t\t\t<div class=\"e-con-inner\">\n\t\t\t\t<div class=\"elementor-element elementor-element-fd66762 e-checkout-layout-two-column elementor-widget elementor-widget-woocommerce-checkout-page\" data-id=\"fd66762\" data-element_type=\"widget\" data-widget_type=\"woocommerce-checkout-page.default\">\n\t\t\t\t<div class=\"elementor-widget-container\">\n\t\t\t<div class=\"woocommerce\"><\/div>\t\t<\/div>\n\t\t\t\t<\/div>\n\t\t\t\t\t<\/div>\n\t\t\t\t<\/div>\n\t\t\t\t<\/div>\n\t\t","protected":false},"excerpt":{"rendered":"<p>Checkout Finalize Purchase Voltar<\/p>\n","protected":false},"author":2,"featured_media":0,"parent":0,"menu_order":2,"comment_status":"closed","ping_status":"closed","template":"templates\/page-builder-content.php","meta":{"footnotes":""},"class_list":["post-8962","page","type-page","status-publish","hentry"],"yoast_head":"<!-- This site is optimized with the Yoast SEO Premium plugin v22.5 (Yoast SEO v23.7) - https:\/\/yoast.com\/wordpress\/plugins\/seo\/ -->\n<title>Checkout - Certillion<\/title>\n<meta name=\"robots\" content=\"noindex, nofollow\" \/>\n<meta property=\"og:locale\" content=\"en_US\" \/>\n<meta property=\"og:type\" content=\"article\" \/>\n<meta property=\"og:title\" content=\"Checkout\" \/>\n<meta property=\"og:description\" content=\"Checkout Finalize Purchase Voltar\" \/>\n<meta property=\"og:url\" content=\"https:\/\/certillion.com\/checkout\/\" \/>\n<meta property=\"og:site_name\" content=\"Certillion\" \/>\n<meta property=\"article:publisher\" content=\"https:\/\/www.facebook.com\/certillion\" \/>\n<meta property=\"article:modified_time\" content=\"2024-08-29T22:16:00+00:00\" \/>\n<meta name=\"twitter:card\" content=\"summary_large_image\" \/>\n<script type=\"application\/ld+json\" class=\"yoast-schema-graph\">{\"@context\":\"https:\/\/schema.org\",\"@graph\":[{\"@type\":\"WebPage\",\"@id\":\"https:\/\/certillion.com\/checkout\/\",\"url\":\"https:\/\/certillion.com\/checkout\/\",\"name\":\"Checkout - Certillion\",\"isPartOf\":{\"@id\":\"https:\/\/certillion.com\/#website\"},\"datePublished\":\"2024-04-21T16:56:34+00:00\",\"dateModified\":\"2024-08-29T22:16:00+00:00\",\"breadcrumb\":{\"@id\":\"https:\/\/certillion.com\/checkout\/#breadcrumb\"},\"inLanguage\":\"en-US\",\"potentialAction\":[{\"@type\":\"ReadAction\",\"target\":[\"https:\/\/certillion.com\/checkout\/\"]}]},{\"@type\":\"BreadcrumbList\",\"@id\":\"https:\/\/certillion.com\/checkout\/#breadcrumb\",\"itemListElement\":[{\"@type\":\"ListItem\",\"position\":1,\"name\":\"In\u00edcio\",\"item\":\"https:\/\/certillion.com\/en\/\"},{\"@type\":\"ListItem\",\"position\":2,\"name\":\"Checkout\"}]},{\"@type\":\"WebSite\",\"@id\":\"https:\/\/certillion.com\/#website\",\"url\":\"https:\/\/certillion.com\/\",\"name\":\"Certillion - Certifica\u00e7\u00e3o Digital\",\"description\":\"Simples, R\u00e1pido e Seguro\",\"publisher\":{\"@id\":\"https:\/\/certillion.com\/#organization\"},\"potentialAction\":[{\"@type\":\"SearchAction\",\"target\":{\"@type\":\"EntryPoint\",\"urlTemplate\":\"https:\/\/certillion.com\/?s={search_term_string}\"},\"query-input\":{\"@type\":\"PropertyValueSpecification\",\"valueRequired\":true,\"valueName\":\"search_term_string\"}}],\"inLanguage\":\"en-US\"},{\"@type\":\"Organization\",\"@id\":\"https:\/\/certillion.com\/#organization\",\"name\":\"E-sec Seguran\u00e7a Digital\",\"url\":\"https:\/\/certillion.com\/\",\"logo\":{\"@type\":\"ImageObject\",\"inLanguage\":\"en-US\",\"@id\":\"https:\/\/certillion.com\/#\/schema\/logo\/image\/\",\"url\":\"https:\/\/certillion.com\/wp-content\/uploads\/2021\/07\/Certillion-Dark.svg\",\"contentUrl\":\"https:\/\/certillion.com\/wp-content\/uploads\/2021\/07\/Certillion-Dark.svg\",\"width\":218,\"height\":62,\"caption\":\"E-sec Seguran\u00e7a Digital\"},\"image\":{\"@id\":\"https:\/\/certillion.com\/#\/schema\/logo\/image\/\"},\"sameAs\":[\"https:\/\/www.facebook.com\/certillion\",\"https:\/\/www.linkedin.com\/company\/certillion\/\",\"https:\/\/www.instagram.com\/certillion\/\"]}]}<\/script>\n<!-- \/ Yoast SEO Premium plugin. -->","yoast_head_json":{"title":"Checkout - Certillion","robots":{"index":"noindex","follow":"nofollow"},"og_locale":"en_US","og_type":"article","og_title":"Checkout","og_description":"Checkout Finalize Purchase Voltar","og_url":"https:\/\/certillion.com\/checkout\/","og_site_name":"Certillion","article_publisher":"https:\/\/www.facebook.com\/certillion","article_modified_time":"2024-08-29T22:16:00+00:00","twitter_card":"summary_large_image","schema":{"@context":"https:\/\/schema.org","@graph":[{"@type":"WebPage","@id":"https:\/\/certillion.com\/checkout\/","url":"https:\/\/certillion.com\/checkout\/","name":"Checkout - Certillion","isPartOf":{"@id":"https:\/\/certillion.com\/#website"},"datePublished":"2024-04-21T16:56:34+00:00","dateModified":"2024-08-29T22:16:00+00:00","breadcrumb":{"@id":"https:\/\/certillion.com\/checkout\/#breadcrumb"},"inLanguage":"en-US","potentialAction":[{"@type":"ReadAction","target":["https:\/\/certillion.com\/checkout\/"]}]},{"@type":"BreadcrumbList","@id":"https:\/\/certillion.com\/checkout\/#breadcrumb","itemListElement":[{"@type":"ListItem","position":1,"name":"In\u00edcio","item":"https:\/\/certillion.com\/en\/"},{"@type":"ListItem","position":2,"name":"Checkout"}]},{"@type":"WebSite","@id":"https:\/\/certillion.com\/#website","url":"https:\/\/certillion.com\/","name":"Certillion - Certifica\u00e7\u00e3o Digital","description":"Simples, R\u00e1pido e Seguro","publisher":{"@id":"https:\/\/certillion.com\/#organization"},"potentialAction":[{"@type":"SearchAction","target":{"@type":"EntryPoint","urlTemplate":"https:\/\/certillion.com\/?s={search_term_string}"},"query-input":{"@type":"PropertyValueSpecification","valueRequired":true,"valueName":"search_term_string"}}],"inLanguage":"en-US"},{"@type":"Organization","@id":"https:\/\/certillion.com\/#organization","name":"E-sec Seguran\u00e7a Digital","url":"https:\/\/certillion.com\/","logo":{"@type":"ImageObject","inLanguage":"en-US","@id":"https:\/\/certillion.com\/#\/schema\/logo\/image\/","url":"https:\/\/certillion.com\/wp-content\/uploads\/2021\/07\/Certillion-Dark.svg","contentUrl":"https:\/\/certillion.com\/wp-content\/uploads\/2021\/07\/Certillion-Dark.svg","width":218,"height":62,"caption":"E-sec Seguran\u00e7a Digital"},"image":{"@id":"https:\/\/certillion.com\/#\/schema\/logo\/image\/"},"sameAs":["https:\/\/www.facebook.com\/certillion","https:\/\/www.linkedin.com\/company\/certillion\/","https:\/\/www.instagram.com\/certillion\/"]}]}},"_links":{"self":[{"href":"https:\/\/certillion.com\/en\/wp-json\/wp\/v2\/pages\/8962","targetHints":{"allow":["GET"]}}],"collection":[{"href":"https:\/\/certillion.com\/en\/wp-json\/wp\/v2\/pages"}],"about":[{"href":"https:\/\/certillion.com\/en\/wp-json\/wp\/v2\/types\/page"}],"author":[{"embeddable":true,"href":"https:\/\/certillion.com\/en\/wp-json\/wp\/v2\/users\/2"}],"replies":[{"embeddable":true,"href":"https:\/\/certillion.com\/en\/wp-json\/wp\/v2\/comments?post=8962"}],"version-history":[{"count":0,"href":"https:\/\/certillion.com\/en\/wp-json\/wp\/v2\/pages\/8962\/revisions"}],"wp:attachment":[{"href":"https:\/\/certillion.com\/en\/wp-json\/wp\/v2\/media?parent=8962"}],"curies":[{"name":"wp","href":"https:\/\/api.w.org\/{rel}","templated":true}]}}