{"id":8974,"date":"2024-04-07T17:53:21","date_gmt":"2024-04-07T17:53:21","guid":{"rendered":"https:\/\/certillion.com\/terms-of-use\/"},"modified":"2024-08-29T22:20:34","modified_gmt":"2024-08-29T22:20:34","slug":"terms-of-use","status":"publish","type":"page","link":"https:\/\/certillion.com\/en\/terms-of-use\/","title":{"rendered":"Terms of Use"},"content":{"rendered":"\t\t<div data-elementor-type=\"wp-page\" data-elementor-id=\"8974\" class=\"elementor elementor-8974 elementor-2933\" data-elementor-post-type=\"page\">\n\t\t\t\t\t\t<section class=\"elementor-section elementor-top-section elementor-element elementor-element-893797c elementor-section-boxed elementor-section-height-default elementor-section-height-default wpr-particle-no wpr-jarallax-no wpr-parallax-no wpr-sticky-section-no\" data-id=\"893797c\" data-element_type=\"section\">\n\t\t\t\t\t\t<div class=\"elementor-container elementor-column-gap-no\">\n\t\t\t\t\t<div class=\"aux-parallax-section elementor-column elementor-col-100 elementor-top-column elementor-element elementor-element-02470b5\" data-id=\"02470b5\" data-element_type=\"column\">\n\t\t\t<div class=\"elementor-widget-wrap elementor-element-populated\">\n\t\t\t\t\t\t<div class=\"elementor-element elementor-element-9e2c601 elementor-widget__width-initial elementor-widget elementor-widget-aux_modern_heading\" data-id=\"9e2c601\" data-element_type=\"widget\" data-widget_type=\"aux_modern_heading.default\">\n\t\t\t\t<div class=\"elementor-widget-container\">\n\t\t\t<section class=\"aux-widget-modern-heading\">\n            <div class=\"aux-widget-inner\"><h5 class=\"aux-modern-heading-primary\">Terms of Use<\/h5><div class=\"aux-modern-heading-divider\"><\/div><\/div>\n        <\/section>\t\t<\/div>\n\t\t\t\t<\/div>\n\t\t\t\t<div class=\"elementor-element elementor-element-9cc1108 elementor-widget elementor-widget-text-editor\" data-id=\"9cc1108\" data-element_type=\"widget\" data-widget_type=\"text-editor.default\">\n\t\t\t\t<div class=\"elementor-widget-container\">\n\t\t\t\t\t\t\t<p><span style=\"font-weight: 400;\">This SITE is the property of E-SEC Data Security Technology, a legal entity governed by private law, registered with the CNPJ under number 03.242.841\/0001-01, with headquarters at SCN, Qd 04, Ed Varig, Bl B, Sl 702, Bras\u00edlia, DF, CEP: 70,714-020, in this act called Certillion by its product. <\/span><\/p>\n<p><span style=\"font-weight: 400;\">This Term of Use regulates the use of the SITE by the user, meaning SITE all web pages embodied in the certillion.com domain, and its subdomains, and by the user any individual who uses or accesses it, establishing their rights and obligations. By using the platform, you declare that you accept the present terms of use of the service. <\/span><\/p>\n<p><b>I. Use of <\/b> <\/p>\n<p> <span style=\"font-weight: 400;\"> the platform When you register, sign or receive a document with Certillion, you become a user of the system, with access to the platform and your account documents for an indefinite period. Users can create, delete, modify, and sign documents. Certillion reserves the right to close accounts and prohibit future registrations in case of violation of the terms of use, Brazilian law, or misuse of the platform. <\/span><\/p>\n<p><span style=\"font-weight: 400;\">Violations of the terms of use include: <\/span> <\/p>\n<p> <span style=\"font-weight: 400;\"> 1 \u2014 Access to the platform through any automated means or simulation of user actions to carry out activities or collect information (such as crawlers, spiders, and bots); <\/span> <\/p>\n<p> <span style=\"font-weight: 400;\"> 2 \u2014 Use of the Certillion document hosting service for purposes other than sending documents for signature; 3 \u2014 Use of the <\/span> <\/p>\n<p> <span style=\"font-weight: 400;\"> in a way that may damage, overload, harm the servers or cause financial or reputational damage to Certillion; <\/span> <\/p>\n<p> <span style=\"font-weight: 400;\"> 4 \u2014 Incorporation of Certillion into frames, including windows, or simulation of user actions without the use of the Certillion API, on any third-party site without the express written authorization of Certillion; <\/span> <\/p>\n<p> <span style=\"font-weight: 400;\"> 5 \u2014 Manipulate document or signature data in any way that impairs the transparency of the information presented by Certillion to the signatories of the document; <\/span> <\/p>\n<p> <span style=\"font-weight: 400;\"> 6 \u2014 Offend, threaten, or persecute Certillion&#8217;s attendants, collaborators, or directors in any medium; <\/span> <\/p>\n<p> <b> II. Plans and payment Recurrence plans are purchased on a prepaid basis. <\/b> <\/p>\n<p> <span style=\"font-weight: 400;\"> If there is a lack of payment, the user&#8217;s plan will be automatically blocked. <\/span><\/p>\n<p><b>III. Retention of data and documents <\/b> <\/p>\n<p> <span style=\"font-weight: 400;\"> The documents and records submitted by Certillion are stored on the platform and remain accessible to all signatories, as well as for possible audits throughout their life cycle. It is important to note that canceling the plans or account does not result in the deletion of these data and files. <\/span><\/p>\n<p><b>IV. Archive lifecycle <\/b> <\/p>\n<p> <span style=\"font-weight: 400;\"> If at least one signer signs the document, Certillion will keep it with its records for at least 5 years. After this period, the files can be moved to \u201ccold storage\u201d, more efficient for long periods, with retrieval subject to a fee. The file lifecycle will restart after recovery. <\/span><\/p>\n<p><b>V. Privacy <\/b> <\/p>\n<p> <span style=\"font-weight: 400;\"> The files sent to Certillion are private and belong to the parts of the document. Certillion cannot use them without prior authorization. However, it reserves the right to access them to provide support or in cases of suspected violation of the terms or Brazilian law. Certillion does not sell or distribute contact data or information and maintains the confidentiality of registration information. See our Privacy Policy for more details. <\/span><\/p>\n<p><b>VI. Disclaimer The legal responsibility for <\/b> <\/p>\n<p> <span style=\"font-weight: 400;\"> the terms and data in the documents submitted to Certillion is exclusive to the signatory parties. Certillion is not responsible for fulfilling the obligations of users when creating documents. All data and rights resulting from the use of Certillion belong exclusively to the signatory parties. Certillion may change the functionalities and conditions of the plans at any time, without notice. <\/span><\/p>\n\t\t\t\t\t\t<\/div>\n\t\t\t\t<\/div>\n\t\t\t\t\t<\/div>\n\t\t<\/div>\n\t\t\t\t\t<\/div>\n\t\t<\/section>\n\t\t\t\t<\/div>\n\t\t","protected":false},"excerpt":{"rendered":"<p>Terms of Use This SITE is the property of E-SEC Data Security Technology, a legal entity governed by private law, registered with the CNPJ under number 03.242.841\/0001-01, with headquarters at SCN, Qd 04, Ed Varig, Bl B, Sl 702, Bras\u00edlia, DF, CEP: 70,714-020, in this act called Certillion by its product. This Term of Use regulates the use of the SITE by the user, meaning SITE all web pages embodied in the certillion.com domain, and its subdomains, and by the user any individual who uses or accesses it, establishing their rights and obligations. By using the platform, you declare that you accept the present terms of use of the service. I. Use of the platform When you register, sign or receive a document with Certillion, you become a user of the system, with access to the platform and your account documents for an indefinite period. Users can create, delete, modify, and sign documents. Certillion reserves the right to close accounts and prohibit future registrations in case of violation of the terms of use, Brazilian law, or misuse of the platform. Violations of the terms of use include: 1 \u2014 Access to the platform through any automated means or simulation of user actions to carry out activities or collect information (such as crawlers, spiders, and bots); 2 \u2014 Use of the Certillion document hosting service for purposes other than sending documents for signature; 3 \u2014 Use of the in a way that may damage, overload, harm the servers or cause financial or reputational damage to Certillion; 4 \u2014 Incorporation of Certillion into frames, including windows, or simulation of user actions without the use of the Certillion API, on any third-party site without the express written authorization of Certillion; 5 \u2014 Manipulate document or signature data in any way that impairs the transparency of the information presented by Certillion to the signatories of the document; 6 \u2014 Offend, threaten, or persecute Certillion&#8217;s attendants, collaborators, or directors in any medium; II. Plans and payment Recurrence plans are purchased on a prepaid basis. If there is a lack of payment, the user&#8217;s plan will be automatically blocked. III. Retention of data and documents The documents and records submitted by Certillion are stored on the platform and remain accessible to all signatories, as well as for possible audits throughout their life cycle. It is important to note that canceling the plans or account does not result in the deletion of these data and files. IV. Archive lifecycle If at least one signer signs the document, Certillion will keep it with its records for at least 5 years. After this period, the files can be moved to \u201ccold storage\u201d, more efficient for long periods, with retrieval subject to a fee. The file lifecycle will restart after recovery. V. Privacy The files sent to Certillion are private and belong to the parts of the document. Certillion cannot use them without prior authorization. However, it reserves the right to access them to provide support or in cases of suspected violation of the terms or Brazilian law. Certillion does not sell or distribute contact data or information and maintains the confidentiality of registration information. See our Privacy Policy for more details. VI. Disclaimer The legal responsibility for the terms and data in the documents submitted to Certillion is exclusive to the signatory parties. Certillion is not responsible for fulfilling the obligations of users when creating documents. All data and rights resulting from the use of Certillion belong exclusively to the signatory parties. Certillion may change the functionalities and conditions of the plans at any time, without notice.<\/p>\n","protected":false},"author":2,"featured_media":0,"parent":0,"menu_order":10,"comment_status":"closed","ping_status":"closed","template":"templates\/page-builder-content.php","meta":{"footnotes":""},"class_list":["post-8974","page","type-page","status-publish","hentry"],"yoast_head":"<!-- This site is optimized with the Yoast SEO Premium plugin v22.5 (Yoast SEO v23.7) - https:\/\/yoast.com\/wordpress\/plugins\/seo\/ -->\n<title>Terms of Use - Certillion<\/title>\n<meta name=\"robots\" content=\"index, follow, max-snippet:-1, max-image-preview:large, max-video-preview:-1\" \/>\n<link rel=\"canonical\" href=\"https:\/\/certillion.com\/termos-de-uso\/\" \/>\n<meta property=\"og:locale\" content=\"en_US\" \/>\n<meta property=\"og:type\" content=\"article\" \/>\n<meta property=\"og:title\" content=\"Terms of Use\" \/>\n<meta property=\"og:description\" content=\"Terms of Use This SITE is the property of E-SEC Data Security Technology, a legal entity governed by private law, registered with the CNPJ under number 03.242.841\/0001-01, with headquarters at SCN, Qd 04, Ed Varig, Bl B, Sl 702, Bras\u00edlia, DF, CEP: 70,714-020, in this act called Certillion by its product. This Term of Use regulates the use of the SITE by the user, meaning SITE all web pages embodied in the certillion.com domain, and its subdomains, and by the user any individual who uses or accesses it, establishing their rights and obligations. By using the platform, you declare that you accept the present terms of use of the service. I. Use of the platform When you register, sign or receive a document with Certillion, you become a user of the system, with access to the platform and your account documents for an indefinite period. Users can create, delete, modify, and sign documents. Certillion reserves the right to close accounts and prohibit future registrations in case of violation of the terms of use, Brazilian law, or misuse of the platform. Violations of the terms of use include: 1 \u2014 Access to the platform through any automated means or simulation of user actions to carry out activities or collect information (such as crawlers, spiders, and bots); 2 \u2014 Use of the Certillion document hosting service for purposes other than sending documents for signature; 3 \u2014 Use of the in a way that may damage, overload, harm the servers or cause financial or reputational damage to Certillion; 4 \u2014 Incorporation of Certillion into frames, including windows, or simulation of user actions without the use of the Certillion API, on any third-party site without the express written authorization of Certillion; 5 \u2014 Manipulate document or signature data in any way that impairs the transparency of the information presented by Certillion to the signatories of the document; 6 \u2014 Offend, threaten, or persecute Certillion&#8217;s attendants, collaborators, or directors in any medium; II. Plans and payment Recurrence plans are purchased on a prepaid basis. If there is a lack of payment, the user&#8217;s plan will be automatically blocked. III. Retention of data and documents The documents and records submitted by Certillion are stored on the platform and remain accessible to all signatories, as well as for possible audits throughout their life cycle. It is important to note that canceling the plans or account does not result in the deletion of these data and files. IV. Archive lifecycle If at least one signer signs the document, Certillion will keep it with its records for at least 5 years. After this period, the files can be moved to \u201ccold storage\u201d, more efficient for long periods, with retrieval subject to a fee. The file lifecycle will restart after recovery. V. Privacy The files sent to Certillion are private and belong to the parts of the document. Certillion cannot use them without prior authorization. However, it reserves the right to access them to provide support or in cases of suspected violation of the terms or Brazilian law. Certillion does not sell or distribute contact data or information and maintains the confidentiality of registration information. See our Privacy Policy for more details. VI. Disclaimer The legal responsibility for the terms and data in the documents submitted to Certillion is exclusive to the signatory parties. Certillion is not responsible for fulfilling the obligations of users when creating documents. All data and rights resulting from the use of Certillion belong exclusively to the signatory parties. Certillion may change the functionalities and conditions of the plans at any time, without notice.\" \/>\n<meta property=\"og:url\" content=\"https:\/\/certillion.com\/termos-de-uso\/\" \/>\n<meta property=\"og:site_name\" content=\"Certillion\" \/>\n<meta property=\"article:publisher\" content=\"https:\/\/www.facebook.com\/certillion\" \/>\n<meta property=\"article:modified_time\" content=\"2024-08-29T22:20:34+00:00\" \/>\n<meta name=\"twitter:card\" content=\"summary_large_image\" \/>\n<meta name=\"twitter:label1\" content=\"Est. reading time\" \/>\n\t<meta name=\"twitter:data1\" content=\"3 minutes\" \/>\n<script type=\"application\/ld+json\" class=\"yoast-schema-graph\">{\"@context\":\"https:\/\/schema.org\",\"@graph\":[{\"@type\":\"WebPage\",\"@id\":\"https:\/\/certillion.com\/termos-de-uso\/\",\"url\":\"https:\/\/certillion.com\/termos-de-uso\/\",\"name\":\"Terms of Use - Certillion\",\"isPartOf\":{\"@id\":\"https:\/\/certillion.com\/#website\"},\"datePublished\":\"2024-04-07T17:53:21+00:00\",\"dateModified\":\"2024-08-29T22:20:34+00:00\",\"breadcrumb\":{\"@id\":\"https:\/\/certillion.com\/termos-de-uso\/#breadcrumb\"},\"inLanguage\":\"en-US\",\"potentialAction\":[{\"@type\":\"ReadAction\",\"target\":[\"https:\/\/certillion.com\/termos-de-uso\/\"]}]},{\"@type\":\"BreadcrumbList\",\"@id\":\"https:\/\/certillion.com\/termos-de-uso\/#breadcrumb\",\"itemListElement\":[{\"@type\":\"ListItem\",\"position\":1,\"name\":\"In\u00edcio\",\"item\":\"https:\/\/certillion.com\/en\/\"},{\"@type\":\"ListItem\",\"position\":2,\"name\":\"Terms of Use\"}]},{\"@type\":\"WebSite\",\"@id\":\"https:\/\/certillion.com\/#website\",\"url\":\"https:\/\/certillion.com\/\",\"name\":\"Certillion - Certifica\u00e7\u00e3o Digital\",\"description\":\"Simples, R\u00e1pido e Seguro\",\"publisher\":{\"@id\":\"https:\/\/certillion.com\/#organization\"},\"potentialAction\":[{\"@type\":\"SearchAction\",\"target\":{\"@type\":\"EntryPoint\",\"urlTemplate\":\"https:\/\/certillion.com\/?s={search_term_string}\"},\"query-input\":{\"@type\":\"PropertyValueSpecification\",\"valueRequired\":true,\"valueName\":\"search_term_string\"}}],\"inLanguage\":\"en-US\"},{\"@type\":\"Organization\",\"@id\":\"https:\/\/certillion.com\/#organization\",\"name\":\"E-sec Seguran\u00e7a Digital\",\"url\":\"https:\/\/certillion.com\/\",\"logo\":{\"@type\":\"ImageObject\",\"inLanguage\":\"en-US\",\"@id\":\"https:\/\/certillion.com\/#\/schema\/logo\/image\/\",\"url\":\"https:\/\/certillion.com\/wp-content\/uploads\/2021\/07\/Certillion-Dark.svg\",\"contentUrl\":\"https:\/\/certillion.com\/wp-content\/uploads\/2021\/07\/Certillion-Dark.svg\",\"width\":218,\"height\":62,\"caption\":\"E-sec Seguran\u00e7a Digital\"},\"image\":{\"@id\":\"https:\/\/certillion.com\/#\/schema\/logo\/image\/\"},\"sameAs\":[\"https:\/\/www.facebook.com\/certillion\",\"https:\/\/www.linkedin.com\/company\/certillion\/\",\"https:\/\/www.instagram.com\/certillion\/\"]}]}<\/script>\n<!-- \/ Yoast SEO Premium plugin. -->","yoast_head_json":{"title":"Terms of Use - Certillion","robots":{"index":"index","follow":"follow","max-snippet":"max-snippet:-1","max-image-preview":"max-image-preview:large","max-video-preview":"max-video-preview:-1"},"canonical":"https:\/\/certillion.com\/termos-de-uso\/","og_locale":"en_US","og_type":"article","og_title":"Terms of Use","og_description":"Terms of Use This SITE is the property of E-SEC Data Security Technology, a legal entity governed by private law, registered with the CNPJ under number 03.242.841\/0001-01, with headquarters at SCN, Qd 04, Ed Varig, Bl B, Sl 702, Bras\u00edlia, DF, CEP: 70,714-020, in this act called Certillion by its product. This Term of Use regulates the use of the SITE by the user, meaning SITE all web pages embodied in the certillion.com domain, and its subdomains, and by the user any individual who uses or accesses it, establishing their rights and obligations. By using the platform, you declare that you accept the present terms of use of the service. I. Use of the platform When you register, sign or receive a document with Certillion, you become a user of the system, with access to the platform and your account documents for an indefinite period. Users can create, delete, modify, and sign documents. Certillion reserves the right to close accounts and prohibit future registrations in case of violation of the terms of use, Brazilian law, or misuse of the platform. Violations of the terms of use include: 1 \u2014 Access to the platform through any automated means or simulation of user actions to carry out activities or collect information (such as crawlers, spiders, and bots); 2 \u2014 Use of the Certillion document hosting service for purposes other than sending documents for signature; 3 \u2014 Use of the in a way that may damage, overload, harm the servers or cause financial or reputational damage to Certillion; 4 \u2014 Incorporation of Certillion into frames, including windows, or simulation of user actions without the use of the Certillion API, on any third-party site without the express written authorization of Certillion; 5 \u2014 Manipulate document or signature data in any way that impairs the transparency of the information presented by Certillion to the signatories of the document; 6 \u2014 Offend, threaten, or persecute Certillion&#8217;s attendants, collaborators, or directors in any medium; II. Plans and payment Recurrence plans are purchased on a prepaid basis. If there is a lack of payment, the user&#8217;s plan will be automatically blocked. III. Retention of data and documents The documents and records submitted by Certillion are stored on the platform and remain accessible to all signatories, as well as for possible audits throughout their life cycle. It is important to note that canceling the plans or account does not result in the deletion of these data and files. IV. Archive lifecycle If at least one signer signs the document, Certillion will keep it with its records for at least 5 years. After this period, the files can be moved to \u201ccold storage\u201d, more efficient for long periods, with retrieval subject to a fee. The file lifecycle will restart after recovery. V. Privacy The files sent to Certillion are private and belong to the parts of the document. Certillion cannot use them without prior authorization. However, it reserves the right to access them to provide support or in cases of suspected violation of the terms or Brazilian law. Certillion does not sell or distribute contact data or information and maintains the confidentiality of registration information. See our Privacy Policy for more details. VI. Disclaimer The legal responsibility for the terms and data in the documents submitted to Certillion is exclusive to the signatory parties. Certillion is not responsible for fulfilling the obligations of users when creating documents. All data and rights resulting from the use of Certillion belong exclusively to the signatory parties. Certillion may change the functionalities and conditions of the plans at any time, without notice.","og_url":"https:\/\/certillion.com\/termos-de-uso\/","og_site_name":"Certillion","article_publisher":"https:\/\/www.facebook.com\/certillion","article_modified_time":"2024-08-29T22:20:34+00:00","twitter_card":"summary_large_image","twitter_misc":{"Est. reading time":"3 minutes"},"schema":{"@context":"https:\/\/schema.org","@graph":[{"@type":"WebPage","@id":"https:\/\/certillion.com\/termos-de-uso\/","url":"https:\/\/certillion.com\/termos-de-uso\/","name":"Terms of Use - Certillion","isPartOf":{"@id":"https:\/\/certillion.com\/#website"},"datePublished":"2024-04-07T17:53:21+00:00","dateModified":"2024-08-29T22:20:34+00:00","breadcrumb":{"@id":"https:\/\/certillion.com\/termos-de-uso\/#breadcrumb"},"inLanguage":"en-US","potentialAction":[{"@type":"ReadAction","target":["https:\/\/certillion.com\/termos-de-uso\/"]}]},{"@type":"BreadcrumbList","@id":"https:\/\/certillion.com\/termos-de-uso\/#breadcrumb","itemListElement":[{"@type":"ListItem","position":1,"name":"In\u00edcio","item":"https:\/\/certillion.com\/en\/"},{"@type":"ListItem","position":2,"name":"Terms of Use"}]},{"@type":"WebSite","@id":"https:\/\/certillion.com\/#website","url":"https:\/\/certillion.com\/","name":"Certillion - Certifica\u00e7\u00e3o Digital","description":"Simples, R\u00e1pido e Seguro","publisher":{"@id":"https:\/\/certillion.com\/#organization"},"potentialAction":[{"@type":"SearchAction","target":{"@type":"EntryPoint","urlTemplate":"https:\/\/certillion.com\/?s={search_term_string}"},"query-input":{"@type":"PropertyValueSpecification","valueRequired":true,"valueName":"search_term_string"}}],"inLanguage":"en-US"},{"@type":"Organization","@id":"https:\/\/certillion.com\/#organization","name":"E-sec Seguran\u00e7a Digital","url":"https:\/\/certillion.com\/","logo":{"@type":"ImageObject","inLanguage":"en-US","@id":"https:\/\/certillion.com\/#\/schema\/logo\/image\/","url":"https:\/\/certillion.com\/wp-content\/uploads\/2021\/07\/Certillion-Dark.svg","contentUrl":"https:\/\/certillion.com\/wp-content\/uploads\/2021\/07\/Certillion-Dark.svg","width":218,"height":62,"caption":"E-sec Seguran\u00e7a Digital"},"image":{"@id":"https:\/\/certillion.com\/#\/schema\/logo\/image\/"},"sameAs":["https:\/\/www.facebook.com\/certillion","https:\/\/www.linkedin.com\/company\/certillion\/","https:\/\/www.instagram.com\/certillion\/"]}]}},"_links":{"self":[{"href":"https:\/\/certillion.com\/en\/wp-json\/wp\/v2\/pages\/8974","targetHints":{"allow":["GET"]}}],"collection":[{"href":"https:\/\/certillion.com\/en\/wp-json\/wp\/v2\/pages"}],"about":[{"href":"https:\/\/certillion.com\/en\/wp-json\/wp\/v2\/types\/page"}],"author":[{"embeddable":true,"href":"https:\/\/certillion.com\/en\/wp-json\/wp\/v2\/users\/2"}],"replies":[{"embeddable":true,"href":"https:\/\/certillion.com\/en\/wp-json\/wp\/v2\/comments?post=8974"}],"version-history":[{"count":0,"href":"https:\/\/certillion.com\/en\/wp-json\/wp\/v2\/pages\/8974\/revisions"}],"wp:attachment":[{"href":"https:\/\/certillion.com\/en\/wp-json\/wp\/v2\/media?parent=8974"}],"curies":[{"name":"wp","href":"https:\/\/api.w.org\/{rel}","templated":true}]}}