{"id":8994,"date":"2024-02-07T17:09:48","date_gmt":"2024-02-07T17:09:48","guid":{"rendered":"https:\/\/certillion.com\/api\/"},"modified":"2024-09-02T21:03:23","modified_gmt":"2024-09-02T21:03:23","slug":"api","status":"publish","type":"page","link":"https:\/\/certillion.com\/en\/api\/","title":{"rendered":"API"},"content":{"rendered":"\t\t<div data-elementor-type=\"wp-page\" data-elementor-id=\"8994\" class=\"elementor elementor-8994 elementor-1617\" data-elementor-post-type=\"page\">\n\t\t\t\t\t\t<section class=\"elementor-section elementor-top-section elementor-element elementor-element-5a90a5a elementor-section-boxed elementor-section-height-default elementor-section-height-default wpr-particle-no wpr-jarallax-no wpr-parallax-no wpr-sticky-section-no\" data-id=\"5a90a5a\" data-element_type=\"section\" data-settings=\"{&quot;background_background&quot;:&quot;classic&quot;}\">\n\t\t\t\t\t\t\t<div class=\"elementor-background-overlay\"><\/div>\n\t\t\t\t\t\t\t<div class=\"elementor-container elementor-column-gap-default\">\n\t\t\t\t\t<div class=\"aux-parallax-section elementor-column elementor-col-100 elementor-top-column elementor-element elementor-element-f8657eb\" data-id=\"f8657eb\" data-element_type=\"column\">\n\t\t\t<div class=\"elementor-widget-wrap elementor-element-populated\">\n\t\t\t\t\t\t\t<\/div>\n\t\t<\/div>\n\t\t\t\t\t<\/div>\n\t\t<\/section>\n\t\t\t\t<section class=\"elementor-section elementor-top-section elementor-element elementor-element-4898e7e8 elementor-section-boxed elementor-section-height-default elementor-section-height-default wpr-particle-no wpr-jarallax-no wpr-parallax-no wpr-sticky-section-no\" data-id=\"4898e7e8\" data-element_type=\"section\">\n\t\t\t\t\t\t<div class=\"elementor-container elementor-column-gap-wide\">\n\t\t\t\t\t<div class=\"aux-parallax-section elementor-column elementor-col-50 elementor-top-column elementor-element elementor-element-35e3f8a0 elementor-hidden-tablet elementor-hidden-mobile\" data-id=\"35e3f8a0\" data-element_type=\"column\">\n\t\t\t<div class=\"elementor-widget-wrap elementor-element-populated\">\n\t\t\t\t\t\t<div class=\"elementor-element elementor-element-b040f6b elementor-widget elementor-widget-image\" data-id=\"b040f6b\" data-element_type=\"widget\" data-widget_type=\"image.default\">\n\t\t\t\t<div class=\"elementor-widget-container\">\n\t\t\t\t\t\t\t\t\t\t\t\t\t<img fetchpriority=\"high\" decoding=\"async\" width=\"448\" height=\"400\" src=\"https:\/\/certillion.com\/wp-content\/uploads\/2024\/03\/front-dev.jpg\" class=\"attachment-large size-large wp-image-1920\" alt=\"Certillion - Certificado Digital\" \/>\t\t\t\t\t\t\t\t\t\t\t\t\t<\/div>\n\t\t\t\t<\/div>\n\t\t\t\t\t<\/div>\n\t\t<\/div>\n\t\t\t\t<div class=\"aux-parallax-section elementor-column elementor-col-50 elementor-top-column elementor-element elementor-element-12f1becf\" data-id=\"12f1becf\" data-element_type=\"column\">\n\t\t\t<div class=\"elementor-widget-wrap elementor-element-populated\">\n\t\t\t\t\t\t<div class=\"elementor-element elementor-element-333c90a elementor-widget__width-initial elementor-widget elementor-widget-aux_modern_heading\" data-id=\"333c90a\" data-element_type=\"widget\" data-widget_type=\"aux_modern_heading.default\">\n\t\t\t\t<div class=\"elementor-widget-container\">\n\t\t\t<section class=\"aux-widget-modern-heading\">\n            <div class=\"aux-widget-inner\"><h5 class=\"aux-modern-heading-primary\">API<\/h5><div class=\"aux-modern-heading-divider\"><\/div><h4 class=\"aux-modern-heading-secondary\"><span class=\"aux-head-before\">Simplify the digital certification process for your projects.<\/span><\/h4><\/div>\n        <\/section>\t\t<\/div>\n\t\t\t\t<\/div>\n\t\t\t\t<div class=\"elementor-element elementor-element-32b76ab elementor-widget elementor-widget-text-editor\" data-id=\"32b76ab\" data-element_type=\"widget\" data-widget_type=\"text-editor.default\">\n\t\t\t\t<div class=\"elementor-widget-container\">\n\t\t\t\t\t\t\t<p>Certillion is not just a \u201ccell phone subscriber\u201d, but a digital signature service technology, comprised of server modules and client modules that accepts all types of certificates on any device &#8211; whether on computers or mobile devices. A much simpler, faster and safer technology! <\/p>\n\t\t\t\t\t\t<\/div>\n\t\t\t\t<\/div>\n\t\t\t\t\t<\/div>\n\t\t<\/div>\n\t\t\t\t\t<\/div>\n\t\t<\/section>\n\t\t\t\t<section class=\"elementor-section elementor-top-section elementor-element elementor-element-300dff5a elementor-section-boxed elementor-section-height-default elementor-section-height-default wpr-particle-no wpr-jarallax-no wpr-parallax-no wpr-sticky-section-no\" data-id=\"300dff5a\" data-element_type=\"section\">\n\t\t\t\t\t\t<div class=\"elementor-container elementor-column-gap-default\">\n\t\t\t\t\t<div class=\"aux-parallax-section elementor-column elementor-col-100 elementor-top-column elementor-element elementor-element-1efe5a36\" data-id=\"1efe5a36\" data-element_type=\"column\">\n\t\t\t<div class=\"elementor-widget-wrap elementor-element-populated\">\n\t\t\t\t\t\t<div class=\"elementor-element elementor-element-8d746aa elementor-widget elementor-widget-aux_modern_heading\" data-id=\"8d746aa\" data-element_type=\"widget\" data-widget_type=\"aux_modern_heading.default\">\n\t\t\t\t<div class=\"elementor-widget-container\">\n\t\t\t<section class=\"aux-widget-modern-heading\">\n            <div class=\"aux-widget-inner\"><h5 class=\"aux-modern-heading-primary\"><\/h5><div class=\"aux-modern-heading-divider\"><\/div><h4 class=\"aux-modern-heading-secondary\"><span class=\"aux-head-before\">Technical Documentation<\/span><\/h4><\/div>\n        <\/section>\t\t<\/div>\n\t\t\t\t<\/div>\n\t\t\t\t<div class=\"elementor-element elementor-element-ff6f2db elementor-widget elementor-widget-heading\" data-id=\"ff6f2db\" data-element_type=\"widget\" data-widget_type=\"heading.default\">\n\t\t\t\t<div class=\"elementor-widget-container\">\n\t\t\t<h5 class=\"elementor-heading-title elementor-size-default\">Certillion is a complete service for generating and verifying digital signatures, providing several benefits to developers and end consumers in a simple and direct way, and is compatible with national and international digital certification standards. <\/h5>\t\t<\/div>\n\t\t\t\t<\/div>\n\t\t\t\t<section class=\"elementor-section elementor-inner-section elementor-element elementor-element-69525924 elementor-section-boxed elementor-section-height-default elementor-section-height-default wpr-particle-no wpr-jarallax-no wpr-parallax-no wpr-sticky-section-no\" data-id=\"69525924\" data-element_type=\"section\">\n\t\t\t\t\t\t<div class=\"elementor-container elementor-column-gap-default\">\n\t\t\t\t\t<div class=\"aux-parallax-section elementor-column elementor-col-50 elementor-inner-column elementor-element elementor-element-100f313b\" data-id=\"100f313b\" data-element_type=\"column\">\n\t\t\t<div class=\"elementor-widget-wrap elementor-element-populated\">\n\t\t\t\t\t\t<div class=\"elementor-element elementor-element-23209c2 elementor-cta--skin-classic elementor-animated-content elementor-bg-transform elementor-bg-transform-zoom-in elementor-widget elementor-widget-call-to-action\" data-id=\"23209c2\" data-element_type=\"widget\" data-widget_type=\"call-to-action.default\">\n\t\t\t\t<div class=\"elementor-widget-container\">\n\t\t\t\t\t<a class=\"elementor-cta\" href=\"https:\/\/certillion.com\/certillion-api\/documentacao-de-api\/\">\n\t\t\t\t\t\t\t<div class=\"elementor-cta__content\">\n\t\t\t\t\t\t\t\t\t<div class=\"elementor-content-item elementor-cta__content-item elementor-icon-wrapper elementor-cta__icon elementor-view-default\">\n\t\t\t\t\t\t<div class=\"elementor-icon\">\n\t\t\t\t\t\t\t<i aria-hidden=\"true\" class=\"far fa-file-code\"><\/i>\t\t\t\t\t\t<\/div>\n\t\t\t\t\t<\/div>\n\t\t\t\t\n\t\t\t\t\t\t\t\t\t<h2 class=\"elementor-cta__title elementor-cta__content-item elementor-content-item\">\n\t\t\t\t\t\tAccess Overview\t\t\t\t\t<\/h2>\n\t\t\t\t\n\t\t\t\t\t\t\t\t\t<div class=\"elementor-cta__description elementor-cta__content-item elementor-content-item\">\n\t\t\t\t\t\tCompliant with national and international digital certification standards.<\/br><\/br>\t\t\t\t\t<\/div>\n\t\t\t\t\n\t\t\t\t\t\t\t<\/div>\n\t\t\t\t\t\t<\/a>\n\t\t\t\t<\/div>\n\t\t\t\t<\/div>\n\t\t\t\t\t<\/div>\n\t\t<\/div>\n\t\t\t\t<div class=\"aux-parallax-section elementor-column elementor-col-50 elementor-inner-column elementor-element elementor-element-390815fc\" data-id=\"390815fc\" data-element_type=\"column\">\n\t\t\t<div class=\"elementor-widget-wrap elementor-element-populated\">\n\t\t\t\t\t\t<div class=\"elementor-element elementor-element-7f9739d elementor-cta--skin-classic elementor-animated-content elementor-bg-transform elementor-bg-transform-zoom-in elementor-widget elementor-widget-call-to-action\" data-id=\"7f9739d\" data-element_type=\"widget\" data-widget_type=\"call-to-action.default\">\n\t\t\t\t<div class=\"elementor-widget-container\">\n\t\t\t\t\t<a class=\"elementor-cta\" href=\"https:\/\/certillion.com\/certillion-api\/api-certillion-assinatura-digital-documentacao\/\">\n\t\t\t\t\t\t\t<div class=\"elementor-cta__content\">\n\t\t\t\t\t\t\t\t\t<div class=\"elementor-content-item elementor-cta__content-item elementor-icon-wrapper elementor-cta__icon elementor-view-default\">\n\t\t\t\t\t\t<div class=\"elementor-icon\">\n\t\t\t\t\t\t\t<i aria-hidden=\"true\" class=\"auxicon2 auxicon2-code\"><\/i>\t\t\t\t\t\t<\/div>\n\t\t\t\t\t<\/div>\n\t\t\t\t\n\t\t\t\t\t\t\t\t\t<h2 class=\"elementor-cta__title elementor-cta__content-item elementor-content-item\">\n\t\t\t\t\t\tAccess API Online\t\t\t\t\t<\/h2>\n\t\t\t\t\n\t\t\t\t\t\t\t\t\t<div class=\"elementor-cta__description elementor-cta__content-item elementor-content-item\">\n\t\t\t\t\t\tFlow that runs through the entire API structure, from the initial request stages to the delivery of the response.\t\t\t\t\t<\/div>\n\t\t\t\t\n\t\t\t\t\t\t\t<\/div>\n\t\t\t\t\t\t<\/a>\n\t\t\t\t<\/div>\n\t\t\t\t<\/div>\n\t\t\t\t\t<\/div>\n\t\t<\/div>\n\t\t\t\t\t<\/div>\n\t\t<\/section>\n\t\t\t\t\t<\/div>\n\t\t<\/div>\n\t\t\t\t\t<\/div>\n\t\t<\/section>\n\t\t\t\t<section class=\"elementor-section elementor-top-section elementor-element elementor-element-d238bb7 elementor-section-full_width elementor-section-height-default elementor-section-height-default wpr-particle-no wpr-jarallax-no wpr-parallax-no wpr-sticky-section-no\" data-id=\"d238bb7\" data-element_type=\"section\" data-settings=\"{&quot;background_background&quot;:&quot;classic&quot;,&quot;shape_divider_top&quot;:&quot;tilt&quot;,&quot;shape_divider_bottom&quot;:&quot;tilt&quot;}\">\n\t\t\t\t\t<div class=\"elementor-shape elementor-shape-top\" data-negative=\"false\">\n\t\t\t<svg xmlns=\"http:\/\/www.w3.org\/2000\/svg\" viewBox=\"0 0 1000 100\" preserveAspectRatio=\"none\">\n\t<path class=\"elementor-shape-fill\" d=\"M0,6V0h1000v100L0,6z\"\/>\n<\/svg>\t\t<\/div>\n\t\t\t\t<div class=\"elementor-shape elementor-shape-bottom\" data-negative=\"false\">\n\t\t\t<svg xmlns=\"http:\/\/www.w3.org\/2000\/svg\" viewBox=\"0 0 1000 100\" preserveAspectRatio=\"none\">\n\t<path class=\"elementor-shape-fill\" d=\"M0,6V0h1000v100L0,6z\"\/>\n<\/svg>\t\t<\/div>\n\t\t\t\t\t<div class=\"elementor-container elementor-column-gap-default\">\n\t\t\t\t\t<div class=\"aux-parallax-section elementor-column elementor-col-100 elementor-top-column elementor-element elementor-element-4f261684\" data-id=\"4f261684\" data-element_type=\"column\">\n\t\t\t<div class=\"elementor-widget-wrap elementor-element-populated\">\n\t\t\t\t\t\t<section class=\"elementor-section elementor-inner-section elementor-element elementor-element-1b687c0f elementor-section-boxed elementor-section-height-default elementor-section-height-default wpr-particle-no wpr-jarallax-no wpr-parallax-no wpr-sticky-section-no\" data-id=\"1b687c0f\" data-element_type=\"section\">\n\t\t\t\t\t\t<div class=\"elementor-container elementor-column-gap-default\">\n\t\t\t\t\t<div class=\"aux-parallax-section elementor-column elementor-col-50 elementor-inner-column elementor-element elementor-element-3c69c39c\" data-id=\"3c69c39c\" data-element_type=\"column\">\n\t\t\t<div class=\"elementor-widget-wrap elementor-element-populated\">\n\t\t\t\t\t\t<div class=\"elementor-element elementor-element-f7c91ff elementor-widget elementor-widget-aux_modern_heading\" data-id=\"f7c91ff\" data-element_type=\"widget\" data-widget_type=\"aux_modern_heading.default\">\n\t\t\t\t<div class=\"elementor-widget-container\">\n\t\t\t<section class=\"aux-widget-modern-heading\">\n            <div class=\"aux-widget-inner\"><h5 class=\"aux-modern-heading-primary\"><\/h5><div class=\"aux-modern-heading-divider\"><\/div><h4 class=\"aux-modern-heading-secondary\"><span class=\"aux-head-before\">Ready to uncomplicate? <\/span><\/h4><\/div>\n        <\/section>\t\t<\/div>\n\t\t\t\t<\/div>\n\t\t\t\t<div class=\"elementor-element elementor-element-c6ca08b elementor-widget elementor-widget-heading\" data-id=\"c6ca08b\" data-element_type=\"widget\" data-widget_type=\"heading.default\">\n\t\t\t\t<div class=\"elementor-widget-container\">\n\t\t\t<h5 class=\"elementor-heading-title elementor-size-default\">Offer your customers a system with more modern technology that eliminates 100% of the need for paper. With Certillion, you streamline the digital certification process. Just integrate and start using!<\/h5>\t\t<\/div>\n\t\t\t\t<\/div>\n\t\t\t\t\t<\/div>\n\t\t<\/div>\n\t\t\t\t<div class=\"aux-parallax-section elementor-column elementor-col-50 elementor-inner-column elementor-element elementor-element-2162075e\" data-id=\"2162075e\" data-element_type=\"column\">\n\t\t\t<div class=\"elementor-widget-wrap elementor-element-populated\">\n\t\t\t\t\t\t<div class=\"elementor-element elementor-element-7c42a7c elementor-cta--skin-classic elementor-animated-content elementor-bg-transform elementor-bg-transform-zoom-in elementor-widget elementor-widget-call-to-action\" data-id=\"7c42a7c\" data-element_type=\"widget\" data-widget_type=\"call-to-action.default\">\n\t\t\t\t<div class=\"elementor-widget-container\">\n\t\t\t\t\t<a class=\"elementor-cta\" href=\"https:\/\/certillion.com\/certillion-api\/tutoriais\/\">\n\t\t\t\t\t\t\t<div class=\"elementor-cta__content\">\n\t\t\t\t\t\t\t\t\t<div class=\"elementor-content-item elementor-cta__content-item elementor-icon-wrapper elementor-cta__icon elementor-view-default\">\n\t\t\t\t\t\t<div class=\"elementor-icon\">\n\t\t\t\t\t\t\t<i aria-hidden=\"true\" class=\"auxicon auxicon-book-dowload-streamline\"><\/i>\t\t\t\t\t\t<\/div>\n\t\t\t\t\t<\/div>\n\t\t\t\t\n\t\t\t\t\t\t\t\t\t<h2 class=\"elementor-cta__title elementor-cta__content-item elementor-content-item\">\n\t\t\t\t\t\tAccess Tutorials\t\t\t\t\t<\/h2>\n\t\t\t\t\n\t\t\t\t\t\t\t\t\t<div class=\"elementor-cta__description elementor-cta__content-item elementor-content-item\">\n\t\t\t\t\t\tObtaining your credentials.\t\t\t\t\t<\/div>\n\t\t\t\t\n\t\t\t\t\t\t\t<\/div>\n\t\t\t\t\t\t<\/a>\n\t\t\t\t<\/div>\n\t\t\t\t<\/div>\n\t\t\t\t\t<\/div>\n\t\t<\/div>\n\t\t\t\t\t<\/div>\n\t\t<\/section>\n\t\t\t\t\t<\/div>\n\t\t<\/div>\n\t\t\t\t\t<\/div>\n\t\t<\/section>\n\t\t\t\t<\/div>\n\t\t","protected":false},"excerpt":{"rendered":"<p>API Simplify the digital certification process for your projects. Certillion is not just a \u201ccell phone subscriber\u201d, but a digital signature service technology, comprised of server modules and client modules that accepts all types of certificates on any device &#8211; whether on computers or mobile devices. A much simpler, faster and safer technology! Technical Documentation Certillion is a complete service for generating and verifying digital signatures, providing several benefits to developers and end consumers in a simple and direct way, and is compatible with national and international digital certification standards. Access Overview Compliant with national and international digital certification standards. Access API Online Flow that runs through the entire API structure, from the initial request stages to the delivery of the response. Ready to uncomplicate? Offer your customers a system with more modern technology that eliminates 100% of the need for paper. With Certillion, you streamline the digital certification process. Just integrate and start using! Access Tutorials Obtaining your credentials.<\/p>\n","protected":false},"author":2,"featured_media":0,"parent":0,"menu_order":13,"comment_status":"closed","ping_status":"closed","template":"","meta":{"footnotes":""},"class_list":["post-8994","page","type-page","status-publish","hentry"],"yoast_head":"<!-- This site is optimized with the Yoast SEO Premium plugin v22.5 (Yoast SEO v23.7) - https:\/\/yoast.com\/wordpress\/plugins\/seo\/ -->\n<title>Certillion API - Digital Certification<\/title>\n<meta name=\"description\" content=\"Certillion API - Digital Certification - Certillion is a complete service for generating and verifying digital signatures, providing several benefits to developers and end consumers.\" \/>\n<meta name=\"robots\" content=\"index, follow, max-snippet:-1, max-image-preview:large, max-video-preview:-1\" \/>\n<link rel=\"canonical\" href=\"https:\/\/certillion.com\/en\/api\/\" \/>\n<meta property=\"og:locale\" content=\"en_US\" \/>\n<meta property=\"og:type\" content=\"article\" \/>\n<meta property=\"og:title\" content=\"Certillion API - Digital Certification\" \/>\n<meta property=\"og:description\" content=\"Certillion is a complete service for generating and verifying digital signatures, providing several benefits to developers and end consumers in a simple and direct way, and is compatible with national and international digital certification standards.\" \/>\n<meta property=\"og:url\" content=\"https:\/\/certillion.com\/en\/api\/\" \/>\n<meta property=\"og:site_name\" content=\"Certillion\" \/>\n<meta property=\"article:publisher\" content=\"https:\/\/www.facebook.com\/certillion\" \/>\n<meta property=\"article:modified_time\" content=\"2024-09-02T21:03:23+00:00\" \/>\n<meta property=\"og:image\" content=\"https:\/\/certillion.com\/wp-content\/uploads\/2024\/03\/front-dev.jpg\" \/>\n<meta name=\"twitter:card\" content=\"summary_large_image\" \/>\n<meta name=\"twitter:title\" content=\"Certillion API - Digital Certification\" \/>\n<meta name=\"twitter:description\" content=\"Certillion is a complete service for generating and verifying digital signatures, providing several benefits to developers and end consumers in a simple and direct way, and is compatible with national and international digital certification standards.\" \/>\n<meta name=\"twitter:label1\" content=\"Est. reading time\" \/>\n\t<meta name=\"twitter:data1\" content=\"1 minute\" \/>\n<script type=\"application\/ld+json\" class=\"yoast-schema-graph\">{\"@context\":\"https:\/\/schema.org\",\"@graph\":[{\"@type\":\"WebPage\",\"@id\":\"https:\/\/certillion.com\/en\/api\/\",\"url\":\"https:\/\/certillion.com\/en\/api\/\",\"name\":\"Certillion API - Digital Certification\",\"isPartOf\":{\"@id\":\"https:\/\/certillion.com\/#website\"},\"primaryImageOfPage\":{\"@id\":\"https:\/\/certillion.com\/en\/api\/#primaryimage\"},\"image\":{\"@id\":\"https:\/\/certillion.com\/en\/api\/#primaryimage\"},\"thumbnailUrl\":\"https:\/\/certillion.com\/wp-content\/uploads\/2024\/03\/front-dev.jpg\",\"datePublished\":\"2024-02-07T17:09:48+00:00\",\"dateModified\":\"2024-09-02T21:03:23+00:00\",\"description\":\"Certillion API - Digital Certification - Certillion is a complete service for generating and verifying digital signatures, providing several benefits to developers and end consumers.\",\"breadcrumb\":{\"@id\":\"https:\/\/certillion.com\/en\/api\/#breadcrumb\"},\"inLanguage\":\"en-US\",\"potentialAction\":[{\"@type\":\"ReadAction\",\"target\":[\"https:\/\/certillion.com\/en\/api\/\"]}]},{\"@type\":\"ImageObject\",\"inLanguage\":\"en-US\",\"@id\":\"https:\/\/certillion.com\/en\/api\/#primaryimage\",\"url\":\"https:\/\/certillion.com\/wp-content\/uploads\/2024\/03\/front-dev.jpg\",\"contentUrl\":\"https:\/\/certillion.com\/wp-content\/uploads\/2024\/03\/front-dev.jpg\"},{\"@type\":\"BreadcrumbList\",\"@id\":\"https:\/\/certillion.com\/en\/api\/#breadcrumb\",\"itemListElement\":[{\"@type\":\"ListItem\",\"position\":1,\"name\":\"In\u00edcio\",\"item\":\"https:\/\/certillion.com\/en\/\"},{\"@type\":\"ListItem\",\"position\":2,\"name\":\"API\"}]},{\"@type\":\"WebSite\",\"@id\":\"https:\/\/certillion.com\/#website\",\"url\":\"https:\/\/certillion.com\/\",\"name\":\"Certillion - Certifica\u00e7\u00e3o Digital\",\"description\":\"Simples, R\u00e1pido e Seguro\",\"publisher\":{\"@id\":\"https:\/\/certillion.com\/#organization\"},\"potentialAction\":[{\"@type\":\"SearchAction\",\"target\":{\"@type\":\"EntryPoint\",\"urlTemplate\":\"https:\/\/certillion.com\/?s={search_term_string}\"},\"query-input\":{\"@type\":\"PropertyValueSpecification\",\"valueRequired\":true,\"valueName\":\"search_term_string\"}}],\"inLanguage\":\"en-US\"},{\"@type\":\"Organization\",\"@id\":\"https:\/\/certillion.com\/#organization\",\"name\":\"E-sec Seguran\u00e7a Digital\",\"url\":\"https:\/\/certillion.com\/\",\"logo\":{\"@type\":\"ImageObject\",\"inLanguage\":\"en-US\",\"@id\":\"https:\/\/certillion.com\/#\/schema\/logo\/image\/\",\"url\":\"https:\/\/certillion.com\/wp-content\/uploads\/2021\/07\/Certillion-Dark.svg\",\"contentUrl\":\"https:\/\/certillion.com\/wp-content\/uploads\/2021\/07\/Certillion-Dark.svg\",\"width\":218,\"height\":62,\"caption\":\"E-sec Seguran\u00e7a Digital\"},\"image\":{\"@id\":\"https:\/\/certillion.com\/#\/schema\/logo\/image\/\"},\"sameAs\":[\"https:\/\/www.facebook.com\/certillion\",\"https:\/\/www.linkedin.com\/company\/certillion\/\",\"https:\/\/www.instagram.com\/certillion\/\"]}]}<\/script>\n<!-- \/ Yoast SEO Premium plugin. -->","yoast_head_json":{"title":"Certillion API - Digital Certification","description":"Certillion API - Digital Certification - Certillion is a complete service for generating and verifying digital signatures, providing several benefits to developers and end consumers.","robots":{"index":"index","follow":"follow","max-snippet":"max-snippet:-1","max-image-preview":"max-image-preview:large","max-video-preview":"max-video-preview:-1"},"canonical":"https:\/\/certillion.com\/en\/api\/","og_locale":"en_US","og_type":"article","og_title":"Certillion API - Digital Certification","og_description":"Certillion is a complete service for generating and verifying digital signatures, providing several benefits to developers and end consumers in a simple and direct way, and is compatible with national and international digital certification standards.","og_url":"https:\/\/certillion.com\/en\/api\/","og_site_name":"Certillion","article_publisher":"https:\/\/www.facebook.com\/certillion","article_modified_time":"2024-09-02T21:03:23+00:00","og_image":[{"url":"https:\/\/certillion.com\/wp-content\/uploads\/2024\/03\/front-dev.jpg"}],"twitter_card":"summary_large_image","twitter_title":"Certillion API - Digital Certification","twitter_description":"Certillion is a complete service for generating and verifying digital signatures, providing several benefits to developers and end consumers in a simple and direct way, and is compatible with national and international digital certification standards.","twitter_misc":{"Est. reading time":"1 minute"},"schema":{"@context":"https:\/\/schema.org","@graph":[{"@type":"WebPage","@id":"https:\/\/certillion.com\/en\/api\/","url":"https:\/\/certillion.com\/en\/api\/","name":"Certillion API - Digital Certification","isPartOf":{"@id":"https:\/\/certillion.com\/#website"},"primaryImageOfPage":{"@id":"https:\/\/certillion.com\/en\/api\/#primaryimage"},"image":{"@id":"https:\/\/certillion.com\/en\/api\/#primaryimage"},"thumbnailUrl":"https:\/\/certillion.com\/wp-content\/uploads\/2024\/03\/front-dev.jpg","datePublished":"2024-02-07T17:09:48+00:00","dateModified":"2024-09-02T21:03:23+00:00","description":"Certillion API - Digital Certification - Certillion is a complete service for generating and verifying digital signatures, providing several benefits to developers and end consumers.","breadcrumb":{"@id":"https:\/\/certillion.com\/en\/api\/#breadcrumb"},"inLanguage":"en-US","potentialAction":[{"@type":"ReadAction","target":["https:\/\/certillion.com\/en\/api\/"]}]},{"@type":"ImageObject","inLanguage":"en-US","@id":"https:\/\/certillion.com\/en\/api\/#primaryimage","url":"https:\/\/certillion.com\/wp-content\/uploads\/2024\/03\/front-dev.jpg","contentUrl":"https:\/\/certillion.com\/wp-content\/uploads\/2024\/03\/front-dev.jpg"},{"@type":"BreadcrumbList","@id":"https:\/\/certillion.com\/en\/api\/#breadcrumb","itemListElement":[{"@type":"ListItem","position":1,"name":"In\u00edcio","item":"https:\/\/certillion.com\/en\/"},{"@type":"ListItem","position":2,"name":"API"}]},{"@type":"WebSite","@id":"https:\/\/certillion.com\/#website","url":"https:\/\/certillion.com\/","name":"Certillion - Certifica\u00e7\u00e3o Digital","description":"Simples, R\u00e1pido e Seguro","publisher":{"@id":"https:\/\/certillion.com\/#organization"},"potentialAction":[{"@type":"SearchAction","target":{"@type":"EntryPoint","urlTemplate":"https:\/\/certillion.com\/?s={search_term_string}"},"query-input":{"@type":"PropertyValueSpecification","valueRequired":true,"valueName":"search_term_string"}}],"inLanguage":"en-US"},{"@type":"Organization","@id":"https:\/\/certillion.com\/#organization","name":"E-sec Seguran\u00e7a Digital","url":"https:\/\/certillion.com\/","logo":{"@type":"ImageObject","inLanguage":"en-US","@id":"https:\/\/certillion.com\/#\/schema\/logo\/image\/","url":"https:\/\/certillion.com\/wp-content\/uploads\/2021\/07\/Certillion-Dark.svg","contentUrl":"https:\/\/certillion.com\/wp-content\/uploads\/2021\/07\/Certillion-Dark.svg","width":218,"height":62,"caption":"E-sec Seguran\u00e7a Digital"},"image":{"@id":"https:\/\/certillion.com\/#\/schema\/logo\/image\/"},"sameAs":["https:\/\/www.facebook.com\/certillion","https:\/\/www.linkedin.com\/company\/certillion\/","https:\/\/www.instagram.com\/certillion\/"]}]}},"_links":{"self":[{"href":"https:\/\/certillion.com\/en\/wp-json\/wp\/v2\/pages\/8994","targetHints":{"allow":["GET"]}}],"collection":[{"href":"https:\/\/certillion.com\/en\/wp-json\/wp\/v2\/pages"}],"about":[{"href":"https:\/\/certillion.com\/en\/wp-json\/wp\/v2\/types\/page"}],"author":[{"embeddable":true,"href":"https:\/\/certillion.com\/en\/wp-json\/wp\/v2\/users\/2"}],"replies":[{"embeddable":true,"href":"https:\/\/certillion.com\/en\/wp-json\/wp\/v2\/comments?post=8994"}],"version-history":[{"count":0,"href":"https:\/\/certillion.com\/en\/wp-json\/wp\/v2\/pages\/8994\/revisions"}],"wp:attachment":[{"href":"https:\/\/certillion.com\/en\/wp-json\/wp\/v2\/media?parent=8994"}],"curies":[{"name":"wp","href":"https:\/\/api.w.org\/{rel}","templated":true}]}}