{"id":8984,"date":"2024-02-07T21:39:51","date_gmt":"2024-02-07T21:39:51","guid":{"rendered":"https:\/\/certillion.com\/iniciar-sesion\/"},"modified":"2024-08-29T22:21:42","modified_gmt":"2024-08-29T22:21:42","slug":"iniciar-sesion","status":"publish","type":"page","link":"https:\/\/certillion.com\/es\/iniciar-sesion\/","title":{"rendered":"Iniciar sesi\u00f3n"},"content":{"rendered":"\t\t<div data-elementor-type=\"wp-page\" data-elementor-id=\"8984\" class=\"elementor elementor-8984 elementor-1779\" data-elementor-post-type=\"page\">\n\t\t\t\t\t\t<section class=\"elementor-section elementor-top-section elementor-element elementor-element-893797c elementor-section-boxed elementor-section-height-default elementor-section-height-default wpr-particle-no wpr-jarallax-no wpr-parallax-no wpr-sticky-section-no\" data-id=\"893797c\" data-element_type=\"section\">\n\t\t\t\t\t\t<div class=\"elementor-container elementor-column-gap-no\">\n\t\t\t\t\t<div class=\"aux-parallax-section elementor-column elementor-col-100 elementor-top-column elementor-element elementor-element-02470b5\" data-id=\"02470b5\" data-element_type=\"column\">\n\t\t\t<div class=\"elementor-widget-wrap elementor-element-populated\">\n\t\t\t\t\t\t<div class=\"elementor-element elementor-element-9e2c601 elementor-widget__width-initial elementor-widget elementor-widget-aux_modern_heading\" data-id=\"9e2c601\" data-element_type=\"widget\" data-widget_type=\"aux_modern_heading.default\">\n\t\t\t\t<div class=\"elementor-widget-container\">\n\t\t\t<section class=\"aux-widget-modern-heading\">\n            <div class=\"aux-widget-inner\"><h5 class=\"aux-modern-heading-primary\">\u00c1rea exclusiva <\/br> Cliente de Certillion<\/h5><div class=\"aux-modern-heading-divider\"><\/div><\/div>\n        <\/section>\t\t<\/div>\n\t\t\t\t<\/div>\n\t\t\t\t\t<\/div>\n\t\t<\/div>\n\t\t\t\t\t<\/div>\n\t\t<\/section>\n\t\t\t\t<section class=\"elementor-section elementor-top-section elementor-element elementor-element-b8ed531 elementor-section-boxed elementor-section-height-default elementor-section-height-default wpr-particle-no wpr-jarallax-no wpr-parallax-no wpr-sticky-section-no\" data-id=\"b8ed531\" data-element_type=\"section\" data-settings=\"{&quot;animation&quot;:&quot;none&quot;}\">\n\t\t\t\t\t\t<div class=\"elementor-container elementor-column-gap-no\">\n\t\t\t\t\t<div class=\"aux-parallax-section elementor-column elementor-col-100 elementor-top-column elementor-element elementor-element-9574742\" data-id=\"9574742\" data-element_type=\"column\" data-settings=\"{&quot;animation&quot;:&quot;none&quot;}\">\n\t\t\t<div class=\"elementor-widget-wrap elementor-element-populated\">\n\t\t\t\t\t\t<section class=\"elementor-section elementor-inner-section elementor-element elementor-element-8b59ef2 elementor-reverse-mobile elementor-section-boxed elementor-section-height-default elementor-section-height-default wpr-particle-no wpr-jarallax-no wpr-parallax-no wpr-sticky-section-no\" data-id=\"8b59ef2\" data-element_type=\"section\">\n\t\t\t\t\t\t<div class=\"elementor-container elementor-column-gap-no\">\n\t\t\t\t\t<div class=\"aux-parallax-section elementor-column elementor-col-33 elementor-inner-column elementor-element elementor-element-0cde971\" data-id=\"0cde971\" data-element_type=\"column\">\n\t\t\t<div class=\"elementor-widget-wrap elementor-element-populated\">\n\t\t\t\t\t\t<div class=\"elementor-element elementor-element-1a02dbe elementor-widget__width-initial elementor-widget elementor-widget-aux_modern_heading\" data-id=\"1a02dbe\" data-element_type=\"widget\" data-widget_type=\"aux_modern_heading.default\">\n\t\t\t\t<div class=\"elementor-widget-container\">\n\t\t\t<section class=\"aux-widget-modern-heading\">\n            <div class=\"aux-widget-inner\"><h5 class=\"aux-modern-heading-primary\">Accede con tus datos<\/h5><\/div>\n        <\/section>\t\t<\/div>\n\t\t\t\t<\/div>\n\t\t\t\t<div class=\"elementor-element elementor-element-8d81c3e elementor-widget elementor-widget-aux_contact_form\" data-id=\"8d81c3e\" data-element_type=\"widget\" data-widget_type=\"aux_contact_form.default\">\n\t\t\t\t<div class=\"elementor-widget-container\">\n\t\t\t<section class=\"widget-container aux-widget-contact-form aux-parent-auc785b0c2\">            <div class=\"aux-col-wrapper aux-no-gutter\">\n            <!-- @TODO - The output for element here -->\n\n            \n<div class=\"wpcf7 no-js\" id=\"wpcf7-f4180-o1\" lang=\"en-US\" dir=\"ltr\" data-wpcf7-id=\"4180\">\n<div class=\"screen-reader-response\"><p role=\"status\" aria-live=\"polite\" aria-atomic=\"true\"><\/p> <ul><\/ul><\/div>\n<form action=\"\/es\/wp-json\/wp\/v2\/pages\/8984#wpcf7-f4180-o1\" method=\"post\" class=\"wpcf7-form init\" aria-label=\"Contact form\" novalidate=\"novalidate\" data-status=\"init\">\n<div style=\"display: none;\">\n<input type=\"hidden\" name=\"_wpcf7\" value=\"4180\" \/>\n<input type=\"hidden\" name=\"_wpcf7_version\" value=\"6.0.1\" \/>\n<input type=\"hidden\" name=\"_wpcf7_locale\" value=\"en_US\" \/>\n<input type=\"hidden\" name=\"_wpcf7_unit_tag\" value=\"wpcf7-f4180-o1\" \/>\n<input type=\"hidden\" name=\"_wpcf7_container_post\" value=\"0\" \/>\n<input type=\"hidden\" name=\"_wpcf7_posted_data_hash\" value=\"\" \/>\n<input type=\"hidden\" name=\"_wpcf7_recaptcha_response\" value=\"\" \/>\n<\/div>\n<div class=\"part1\">\n\t<p><span class=\"wpcf7-form-control-wrap\" data-name=\"E-mail\"><input size=\"40\" maxlength=\"400\" class=\"wpcf7-form-control wpcf7-text wpcf7-validates-as-required\" aria-required=\"true\" aria-invalid=\"false\" placeholder=\"Seu E-mail\" value=\"\" type=\"text\" name=\"E-mail\" \/><\/span><br \/>\n<span class=\"wpcf7-form-control-wrap\" data-name=\"Senha\"><input size=\"40\" maxlength=\"400\" class=\"wpcf7-form-control wpcf7-email wpcf7-validates-as-required wpcf7-text wpcf7-validates-as-email\" aria-required=\"true\" aria-invalid=\"false\" placeholder=\"Sua Senha\" value=\"\" type=\"email\" name=\"Senha\" \/><\/span><br \/>\n<label> <span class=\"wpcf7-form-control-wrap\" data-name=\"Lembrar\"><span class=\"wpcf7-form-control wpcf7-checkbox wpcf7-validates-as-required\"><span class=\"wpcf7-list-item first last\"><span class=\"wpcf7-list-item-label\">Me lembre<\/span><input type=\"checkbox\" name=\"Lembrar[]\" value=\"Me lembre\" \/><\/span><\/span><\/span> <\/label>\n\t<\/p>\n<\/div>\n<p><input class=\"wpcf7-form-control wpcf7-submit has-spinner Send Request\" id=\"SendRequest\" type=\"submit\" value=\"Acessar minha Conta\" \/><br \/>\n<a href=\"#\">Esqueci minha Senha<\/a>\n<\/p><div class=\"wpcf7-response-output\" aria-hidden=\"true\"><\/div>\n<\/form>\n<\/div>\n\n\n            <\/div><!-- aux-col-wrapper -->\n    <\/section><!-- widget-container -->\t\t<\/div>\n\t\t\t\t<\/div>\n\t\t\t\t<div class=\"elementor-element elementor-element-96f8a3b elementor-widget__width-auto elementor-widget elementor-widget-heading\" data-id=\"96f8a3b\" data-element_type=\"widget\" data-widget_type=\"heading.default\">\n\t\t\t\t<div class=\"elementor-widget-container\">\n\t\t\t<h2 class=\"elementor-heading-title elementor-size-default\">O acceda a \u00e9l en: <\/h2>\t\t<\/div>\n\t\t\t\t<\/div>\n\t\t\t\t<div class=\"elementor-element elementor-element-30f88a0 elementor-widget__width-auto elementor-widget elementor-widget-aux_button\" data-id=\"30f88a0\" data-element_type=\"widget\" data-widget_type=\"aux_button.default\">\n\t\t\t\t<div class=\"elementor-widget-container\">\n\t\t\t<button   class=\"aux-button aux-large aux-iceberg aux-round aux-none aux-uppercase aux-icon-left\" ><span class=\"aux-overlay\"><\/span><span class=\"aux-icon fab fa-facebook\"><\/span><span class=\"aux-text\">Facebook<\/span><\/button>\t\t<\/div>\n\t\t\t\t<\/div>\n\t\t\t\t<div class=\"elementor-element elementor-element-62d1b54 elementor-widget__width-auto elementor-widget elementor-widget-aux_button\" data-id=\"62d1b54\" data-element_type=\"widget\" data-widget_type=\"aux_button.default\">\n\t\t\t\t<div class=\"elementor-widget-container\">\n\t\t\t<button   class=\"aux-button aux-large aux-iceberg aux-round aux-none aux-uppercase aux-icon-left\" ><span class=\"aux-overlay\"><\/span><span class=\"aux-icon auxicon auxicon-google\"><\/span><span class=\"aux-text\">Google<\/span><\/button>\t\t<\/div>\n\t\t\t\t<\/div>\n\t\t\t\t\t<\/div>\n\t\t<\/div>\n\t\t\t\t<div class=\"aux-parallax-section elementor-column elementor-col-33 elementor-inner-column elementor-element elementor-element-dfdd5a5 aux-appear-watch-animation aux-fade-in-up-1\" data-id=\"dfdd5a5\" data-element_type=\"column\" data-settings=\"{&quot;background_background&quot;:&quot;classic&quot;}\">\n\t\t\t<div class=\"elementor-widget-wrap elementor-element-populated\">\n\t\t\t\t\t\t<div class=\"elementor-element elementor-element-bcf345b elementor-widget elementor-widget-spacer\" data-id=\"bcf345b\" data-element_type=\"widget\" data-widget_type=\"spacer.default\">\n\t\t\t\t<div class=\"elementor-widget-container\">\n\t\t\t\t\t<div class=\"elementor-spacer\">\n\t\t\t<div class=\"elementor-spacer-inner\"><\/div>\n\t\t<\/div>\n\t\t\t\t<\/div>\n\t\t\t\t<\/div>\n\t\t\t\t\t<\/div>\n\t\t<\/div>\n\t\t\t\t<div class=\"aux-parallax-section elementor-column elementor-col-33 elementor-inner-column elementor-element elementor-element-947f0c8\" data-id=\"947f0c8\" data-element_type=\"column\">\n\t\t\t<div class=\"elementor-widget-wrap elementor-element-populated\">\n\t\t\t\t\t\t<div class=\"elementor-element elementor-element-ce8bbab elementor-widget__width-initial elementor-widget elementor-widget-aux_modern_heading\" data-id=\"ce8bbab\" data-element_type=\"widget\" data-widget_type=\"aux_modern_heading.default\">\n\t\t\t\t<div class=\"elementor-widget-container\">\n\t\t\t<section class=\"aux-widget-modern-heading\">\n            <div class=\"aux-widget-inner\"><h5 class=\"aux-modern-heading-primary\">Crea tu cuenta<\/h5><\/div>\n        <\/section>\t\t<\/div>\n\t\t\t\t<\/div>\n\t\t\t\t<div class=\"elementor-element elementor-element-858b978 elementor-widget elementor-widget-aux_contact_form\" data-id=\"858b978\" data-element_type=\"widget\" data-widget_type=\"aux_contact_form.default\">\n\t\t\t\t<div class=\"elementor-widget-container\">\n\t\t\t<section class=\"widget-container aux-widget-contact-form aux-parent-au480fb942\">            <div class=\"aux-col-wrapper aux-no-gutter\">\n            <!-- @TODO - The output for element here -->\n\n            \n<div class=\"wpcf7 no-js\" id=\"wpcf7-f88-o2\" lang=\"en-US\" dir=\"ltr\" data-wpcf7-id=\"88\">\n<div class=\"screen-reader-response\"><p role=\"status\" aria-live=\"polite\" aria-atomic=\"true\"><\/p> <ul><\/ul><\/div>\n<form action=\"\/es\/wp-json\/wp\/v2\/pages\/8984#wpcf7-f88-o2\" method=\"post\" class=\"wpcf7-form init\" aria-label=\"Contact form\" novalidate=\"novalidate\" data-status=\"init\">\n<div style=\"display: none;\">\n<input type=\"hidden\" name=\"_wpcf7\" value=\"88\" \/>\n<input type=\"hidden\" name=\"_wpcf7_version\" value=\"6.0.1\" \/>\n<input type=\"hidden\" name=\"_wpcf7_locale\" value=\"en_US\" \/>\n<input type=\"hidden\" name=\"_wpcf7_unit_tag\" value=\"wpcf7-f88-o2\" \/>\n<input type=\"hidden\" name=\"_wpcf7_container_post\" value=\"0\" \/>\n<input type=\"hidden\" name=\"_wpcf7_posted_data_hash\" value=\"\" \/>\n<input type=\"hidden\" name=\"_wpcf7_recaptcha_response\" value=\"\" \/>\n<\/div>\n<div class=\"part1\">\n\t<p><span class=\"wpcf7-form-control-wrap\" data-name=\"yourName\"><input size=\"40\" maxlength=\"400\" class=\"wpcf7-form-control wpcf7-text wpcf7-validates-as-required\" aria-required=\"true\" aria-invalid=\"false\" placeholder=\"Nome Completo\" value=\"\" type=\"text\" name=\"yourName\" \/><\/span><br \/>\n<span class=\"wpcf7-form-control-wrap\" data-name=\"yourEmail\"><input size=\"40\" maxlength=\"400\" class=\"wpcf7-form-control wpcf7-email wpcf7-validates-as-required wpcf7-text wpcf7-validates-as-email\" aria-required=\"true\" aria-invalid=\"false\" placeholder=\"E-mail\" value=\"\" type=\"email\" name=\"yourEmail\" \/><\/span>\n\t<\/p>\n<\/div>\n<div class=\"part2\">\n\t<p><span class=\"wpcf7-form-control-wrap\" data-name=\"yourPassword\"><input size=\"40\" maxlength=\"400\" class=\"wpcf7-form-control wpcf7-text wpcf7-validates-as-required\" aria-required=\"true\" aria-invalid=\"false\" placeholder=\"Senha\" value=\"\" type=\"text\" name=\"yourPassword\" \/><\/span><br \/>\n<span class=\"wpcf7-form-control-wrap\" data-name=\"confirmPassword\"><input size=\"40\" maxlength=\"400\" class=\"wpcf7-form-control wpcf7-text wpcf7-validates-as-required\" aria-required=\"true\" aria-invalid=\"false\" placeholder=\"Confirmar senha\" value=\"\" type=\"text\" name=\"confirmPassword\" \/><\/span>\n\t<\/p>\n<\/div>\n<p><input class=\"wpcf7-form-control wpcf7-submit has-spinner Send Request\" type=\"submit\" value=\"Criar Conta\" \/>\n<\/p><div class=\"wpcf7-response-output\" aria-hidden=\"true\"><\/div>\n<\/form>\n<\/div>\n\n\n            <\/div><!-- aux-col-wrapper -->\n    <\/section><!-- widget-container -->\t\t<\/div>\n\t\t\t\t<\/div>\n\t\t\t\t\t<\/div>\n\t\t<\/div>\n\t\t\t\t\t<\/div>\n\t\t<\/section>\n\t\t\t\t\t<\/div>\n\t\t<\/div>\n\t\t\t\t\t<\/div>\n\t\t<\/section>\n\t\t\t\t<\/div>\n\t\t","protected":false},"excerpt":{"rendered":"<p>\u00c1rea exclusiva Cliente de Certillion Accede con tus datos Me lembre Esqueci minha Senha O acceda a \u00e9l en: Facebook Google Crea tu cuenta<\/p>\n","protected":false},"author":2,"featured_media":0,"parent":0,"menu_order":4,"comment_status":"closed","ping_status":"closed","template":"templates\/page-builder-content.php","meta":{"footnotes":""},"class_list":["post-8984","page","type-page","status-publish","hentry"],"yoast_head":"<!-- This site is optimized with the Yoast SEO Premium plugin v22.5 (Yoast SEO v23.7) - https:\/\/yoast.com\/wordpress\/plugins\/seo\/ -->\n<title>Iniciar sesi\u00f3n - Certillion<\/title>\n<meta name=\"robots\" content=\"noindex, nofollow\" \/>\n<meta property=\"og:locale\" content=\"es_ES\" \/>\n<meta property=\"og:type\" content=\"article\" \/>\n<meta property=\"og:title\" content=\"Iniciar sesi\u00f3n\" \/>\n<meta property=\"og:description\" content=\"\u00c1rea exclusiva Cliente de Certillion Accede con tus datos Me lembre Esqueci minha Senha O acceda a \u00e9l en: Facebook Google Crea tu cuenta\" \/>\n<meta property=\"og:url\" content=\"https:\/\/certillion.com\/login\/\" \/>\n<meta property=\"og:site_name\" content=\"Certillion\" \/>\n<meta property=\"article:publisher\" content=\"https:\/\/www.facebook.com\/certillion\" \/>\n<meta property=\"article:modified_time\" content=\"2024-08-29T22:21:42+00:00\" \/>\n<meta name=\"twitter:card\" content=\"summary_large_image\" \/>\n<script type=\"application\/ld+json\" class=\"yoast-schema-graph\">{\"@context\":\"https:\/\/schema.org\",\"@graph\":[{\"@type\":\"WebPage\",\"@id\":\"https:\/\/certillion.com\/login\/\",\"url\":\"https:\/\/certillion.com\/login\/\",\"name\":\"Iniciar sesi\u00f3n - Certillion\",\"isPartOf\":{\"@id\":\"https:\/\/certillion.com\/#website\"},\"datePublished\":\"2024-02-07T21:39:51+00:00\",\"dateModified\":\"2024-08-29T22:21:42+00:00\",\"breadcrumb\":{\"@id\":\"https:\/\/certillion.com\/login\/#breadcrumb\"},\"inLanguage\":\"es\",\"potentialAction\":[{\"@type\":\"ReadAction\",\"target\":[\"https:\/\/certillion.com\/login\/\"]}]},{\"@type\":\"BreadcrumbList\",\"@id\":\"https:\/\/certillion.com\/login\/#breadcrumb\",\"itemListElement\":[{\"@type\":\"ListItem\",\"position\":1,\"name\":\"In\u00edcio\",\"item\":\"https:\/\/certillion.com\/en\/\"},{\"@type\":\"ListItem\",\"position\":2,\"name\":\"Iniciar sesi\u00f3n\"}]},{\"@type\":\"WebSite\",\"@id\":\"https:\/\/certillion.com\/#website\",\"url\":\"https:\/\/certillion.com\/\",\"name\":\"Certillion - Certifica\u00e7\u00e3o Digital\",\"description\":\"Simples, R\u00e1pido e Seguro\",\"publisher\":{\"@id\":\"https:\/\/certillion.com\/#organization\"},\"potentialAction\":[{\"@type\":\"SearchAction\",\"target\":{\"@type\":\"EntryPoint\",\"urlTemplate\":\"https:\/\/certillion.com\/?s={search_term_string}\"},\"query-input\":{\"@type\":\"PropertyValueSpecification\",\"valueRequired\":true,\"valueName\":\"search_term_string\"}}],\"inLanguage\":\"es\"},{\"@type\":\"Organization\",\"@id\":\"https:\/\/certillion.com\/#organization\",\"name\":\"E-sec Seguran\u00e7a Digital\",\"url\":\"https:\/\/certillion.com\/\",\"logo\":{\"@type\":\"ImageObject\",\"inLanguage\":\"es\",\"@id\":\"https:\/\/certillion.com\/#\/schema\/logo\/image\/\",\"url\":\"https:\/\/certillion.com\/wp-content\/uploads\/2021\/07\/Certillion-Dark.svg\",\"contentUrl\":\"https:\/\/certillion.com\/wp-content\/uploads\/2021\/07\/Certillion-Dark.svg\",\"width\":218,\"height\":62,\"caption\":\"E-sec Seguran\u00e7a Digital\"},\"image\":{\"@id\":\"https:\/\/certillion.com\/#\/schema\/logo\/image\/\"},\"sameAs\":[\"https:\/\/www.facebook.com\/certillion\",\"https:\/\/www.linkedin.com\/company\/certillion\/\",\"https:\/\/www.instagram.com\/certillion\/\"]}]}<\/script>\n<!-- \/ Yoast SEO Premium plugin. -->","yoast_head_json":{"title":"Iniciar sesi\u00f3n - Certillion","robots":{"index":"noindex","follow":"nofollow"},"og_locale":"es_ES","og_type":"article","og_title":"Iniciar sesi\u00f3n","og_description":"\u00c1rea exclusiva Cliente de Certillion Accede con tus datos Me lembre Esqueci minha Senha O acceda a \u00e9l en: Facebook Google Crea tu cuenta","og_url":"https:\/\/certillion.com\/login\/","og_site_name":"Certillion","article_publisher":"https:\/\/www.facebook.com\/certillion","article_modified_time":"2024-08-29T22:21:42+00:00","twitter_card":"summary_large_image","schema":{"@context":"https:\/\/schema.org","@graph":[{"@type":"WebPage","@id":"https:\/\/certillion.com\/login\/","url":"https:\/\/certillion.com\/login\/","name":"Iniciar sesi\u00f3n - Certillion","isPartOf":{"@id":"https:\/\/certillion.com\/#website"},"datePublished":"2024-02-07T21:39:51+00:00","dateModified":"2024-08-29T22:21:42+00:00","breadcrumb":{"@id":"https:\/\/certillion.com\/login\/#breadcrumb"},"inLanguage":"es","potentialAction":[{"@type":"ReadAction","target":["https:\/\/certillion.com\/login\/"]}]},{"@type":"BreadcrumbList","@id":"https:\/\/certillion.com\/login\/#breadcrumb","itemListElement":[{"@type":"ListItem","position":1,"name":"In\u00edcio","item":"https:\/\/certillion.com\/en\/"},{"@type":"ListItem","position":2,"name":"Iniciar sesi\u00f3n"}]},{"@type":"WebSite","@id":"https:\/\/certillion.com\/#website","url":"https:\/\/certillion.com\/","name":"Certillion - Certifica\u00e7\u00e3o Digital","description":"Simples, R\u00e1pido e Seguro","publisher":{"@id":"https:\/\/certillion.com\/#organization"},"potentialAction":[{"@type":"SearchAction","target":{"@type":"EntryPoint","urlTemplate":"https:\/\/certillion.com\/?s={search_term_string}"},"query-input":{"@type":"PropertyValueSpecification","valueRequired":true,"valueName":"search_term_string"}}],"inLanguage":"es"},{"@type":"Organization","@id":"https:\/\/certillion.com\/#organization","name":"E-sec Seguran\u00e7a Digital","url":"https:\/\/certillion.com\/","logo":{"@type":"ImageObject","inLanguage":"es","@id":"https:\/\/certillion.com\/#\/schema\/logo\/image\/","url":"https:\/\/certillion.com\/wp-content\/uploads\/2021\/07\/Certillion-Dark.svg","contentUrl":"https:\/\/certillion.com\/wp-content\/uploads\/2021\/07\/Certillion-Dark.svg","width":218,"height":62,"caption":"E-sec Seguran\u00e7a Digital"},"image":{"@id":"https:\/\/certillion.com\/#\/schema\/logo\/image\/"},"sameAs":["https:\/\/www.facebook.com\/certillion","https:\/\/www.linkedin.com\/company\/certillion\/","https:\/\/www.instagram.com\/certillion\/"]}]}},"_links":{"self":[{"href":"https:\/\/certillion.com\/es\/wp-json\/wp\/v2\/pages\/8984","targetHints":{"allow":["GET"]}}],"collection":[{"href":"https:\/\/certillion.com\/es\/wp-json\/wp\/v2\/pages"}],"about":[{"href":"https:\/\/certillion.com\/es\/wp-json\/wp\/v2\/types\/page"}],"author":[{"embeddable":true,"href":"https:\/\/certillion.com\/es\/wp-json\/wp\/v2\/users\/2"}],"replies":[{"embeddable":true,"href":"https:\/\/certillion.com\/es\/wp-json\/wp\/v2\/comments?post=8984"}],"version-history":[{"count":0,"href":"https:\/\/certillion.com\/es\/wp-json\/wp\/v2\/pages\/8984\/revisions"}],"wp:attachment":[{"href":"https:\/\/certillion.com\/es\/wp-json\/wp\/v2\/media?parent=8984"}],"curies":[{"name":"wp","href":"https:\/\/api.w.org\/{rel}","templated":true}]}}