{"id":9000,"date":"2024-01-22T13:55:46","date_gmt":"2024-01-22T13:55:46","guid":{"rendered":"https:\/\/certillion.com\/contactar\/"},"modified":"2025-04-22T11:47:04","modified_gmt":"2025-04-22T11:47:04","slug":"contactar","status":"publish","type":"page","link":"https:\/\/certillion.com\/es\/contactar\/","title":{"rendered":"Contactar"},"content":{"rendered":"\t\t<div data-elementor-type=\"wp-page\" data-elementor-id=\"9000\" class=\"elementor elementor-9000 elementor-71\" data-elementor-post-type=\"page\">\n\t\t\t\t\t\t<section class=\"elementor-section elementor-top-section elementor-element elementor-element-2d6d8e0 elementor-section-boxed elementor-section-height-default elementor-section-height-default wpr-particle-no wpr-jarallax-no wpr-parallax-no wpr-sticky-section-no\" data-id=\"2d6d8e0\" data-element_type=\"section\" data-settings=\"{&quot;background_background&quot;:&quot;classic&quot;}\">\n\t\t\t\t\t\t\t<div class=\"elementor-background-overlay\"><\/div>\n\t\t\t\t\t\t\t<div class=\"elementor-container elementor-column-gap-default\">\n\t\t\t\t\t<div class=\"aux-parallax-section elementor-column elementor-col-100 elementor-top-column elementor-element elementor-element-3e494b1\" data-id=\"3e494b1\" data-element_type=\"column\">\n\t\t\t<div class=\"elementor-widget-wrap elementor-element-populated\">\n\t\t\t\t\t\t\t<\/div>\n\t\t<\/div>\n\t\t\t\t\t<\/div>\n\t\t<\/section>\n\t\t\t\t<section class=\"elementor-section elementor-top-section elementor-element elementor-element-893797c elementor-section-boxed elementor-section-height-default elementor-section-height-default wpr-particle-no wpr-jarallax-no wpr-parallax-no wpr-sticky-section-no\" data-id=\"893797c\" data-element_type=\"section\">\n\t\t\t\t\t\t<div class=\"elementor-container elementor-column-gap-no\">\n\t\t\t\t\t<div class=\"aux-parallax-section elementor-column elementor-col-100 elementor-top-column elementor-element elementor-element-02470b5\" data-id=\"02470b5\" data-element_type=\"column\">\n\t\t\t<div class=\"elementor-widget-wrap elementor-element-populated\">\n\t\t\t\t\t\t<div class=\"elementor-element elementor-element-9e2c601 elementor-widget__width-initial elementor-widget elementor-widget-aux_modern_heading\" data-id=\"9e2c601\" data-element_type=\"widget\" data-widget_type=\"aux_modern_heading.default\">\n\t\t\t\t<div class=\"elementor-widget-container\">\n\t\t\t<section class=\"aux-widget-modern-heading\">\n            <div class=\"aux-widget-inner\"><h5 class=\"aux-modern-heading-primary\">Contactar<\/h5><div class=\"aux-modern-heading-divider\"><\/div><h4 class=\"aux-modern-heading-secondary\"><span class=\"aux-head-before\">P\u00f3ngase en contacto con nosotros<\/span><\/h4><\/div>\n        <\/section>\t\t<\/div>\n\t\t\t\t<\/div>\n\t\t\t\t\t<\/div>\n\t\t<\/div>\n\t\t\t\t\t<\/div>\n\t\t<\/section>\n\t\t\t\t<section class=\"elementor-section elementor-top-section elementor-element elementor-element-d6e883c elementor-section-boxed elementor-section-height-default elementor-section-height-default wpr-particle-no wpr-jarallax-no wpr-parallax-no wpr-sticky-section-no\" data-id=\"d6e883c\" data-element_type=\"section\">\n\t\t\t\t\t\t<div class=\"elementor-container elementor-column-gap-no\">\n\t\t\t\t\t<div class=\"aux-parallax-section elementor-column elementor-col-100 elementor-top-column elementor-element elementor-element-e2afb1b\" data-id=\"e2afb1b\" data-element_type=\"column\">\n\t\t\t<div class=\"elementor-widget-wrap elementor-element-populated\">\n\t\t\t\t\t\t<section class=\"elementor-section elementor-inner-section elementor-element elementor-element-238b942 elementor-reverse-mobile elementor-section-boxed elementor-section-height-default elementor-section-height-default wpr-particle-no wpr-jarallax-no wpr-parallax-no wpr-sticky-section-no\" data-id=\"238b942\" data-element_type=\"section\">\n\t\t\t\t\t\t<div class=\"elementor-container elementor-column-gap-no\">\n\t\t\t\t\t<div class=\"aux-parallax-section elementor-column elementor-col-50 elementor-inner-column elementor-element elementor-element-8d949a1\" data-id=\"8d949a1\" data-element_type=\"column\">\n\t\t\t<div class=\"elementor-widget-wrap elementor-element-populated\">\n\t\t\t\t\t\t<div class=\"elementor-element elementor-element-f046c30 elementor-button-align-stretch elementor-widget elementor-widget-form\" data-id=\"f046c30\" data-element_type=\"widget\" data-settings=\"{&quot;button_width&quot;:&quot;50&quot;,&quot;step_next_label&quot;:&quot;Pr\\u00f3xima&quot;,&quot;step_previous_label&quot;:&quot;Anterior&quot;,&quot;step_type&quot;:&quot;number_text&quot;,&quot;step_icon_shape&quot;:&quot;circle&quot;}\" data-widget_type=\"form.default\">\n\t\t\t\t<div class=\"elementor-widget-container\">\n\t\t\t\t\t<form class=\"elementor-form\" method=\"post\" name=\"Nuevo formulario\">\n\t\t\t<input type=\"hidden\" name=\"post_id\" value=\"9000\"\/>\n\t\t\t<input type=\"hidden\" name=\"form_id\" value=\"f046c30\"\/>\n\t\t\t<input type=\"hidden\" name=\"referer_title\" value=\"Certillion\" \/>\n\n\t\t\t\n\t\t\t<div class=\"elementor-form-fields-wrapper elementor-labels-above\">\n\t\t\t\t\t\t\t\t<div class=\"elementor-field-type-text elementor-field-group elementor-column elementor-field-group-name elementor-col-100 elementor-field-required\">\n\t\t\t\t\t\t\t\t\t\t\t\t\t<input size=\"1\" type=\"text\" name=\"form_fields[name]\" id=\"form-field-name\" class=\"elementor-field elementor-size-sm  elementor-field-textual\" placeholder=\"Nombre completo\" required=\"required\" aria-required=\"true\">\n\t\t\t\t\t\t\t\t\t\t\t<\/div>\n\t\t\t\t\t\t\t\t<div class=\"elementor-field-type-email elementor-field-group elementor-column elementor-field-group-email elementor-col-100 elementor-field-required\">\n\t\t\t\t\t\t\t\t\t\t\t\t\t<input size=\"1\" type=\"email\" name=\"form_fields[email]\" id=\"form-field-email\" class=\"elementor-field elementor-size-sm  elementor-field-textual\" placeholder=\"Correo electr\u00f3nico\" required=\"required\" aria-required=\"true\">\n\t\t\t\t\t\t\t\t\t\t\t<\/div>\n\t\t\t\t\t\t\t\t<div class=\"elementor-field-type-text elementor-field-group elementor-column elementor-field-group-field_14ecd1c elementor-col-100 elementor-field-required\">\n\t\t\t\t\t\t\t\t\t\t\t\t\t<input size=\"1\" type=\"text\" name=\"form_fields[field_14ecd1c]\" id=\"form-field-field_14ecd1c\" class=\"elementor-field elementor-size-sm  elementor-field-textual\" placeholder=\"Asunto\" required=\"required\" aria-required=\"true\">\n\t\t\t\t\t\t\t\t\t\t\t<\/div>\n\t\t\t\t\t\t\t\t<div class=\"elementor-field-type-textarea elementor-field-group elementor-column elementor-field-group-message elementor-col-100\">\n\t\t\t\t\t<textarea class=\"elementor-field-textual elementor-field  elementor-size-sm\" name=\"form_fields[message]\" id=\"form-field-message\" rows=\"4\" placeholder=\"Mensaje\"><\/textarea>\t\t\t\t<\/div>\n\t\t\t\t\t\t\t\t<div class=\"elementor-field-group elementor-column elementor-field-type-submit elementor-col-50 e-form__buttons\">\n\t\t\t\t\t<button type=\"submit\" class=\"elementor-button elementor-size-sm\">\n\t\t\t\t\t\t<span >\n\t\t\t\t\t\t\t\t\t\t\t\t\t\t\t<span class=\" elementor-button-icon\">\n\t\t\t\t\t\t\t\t\t\t\t\t\t\t\t\t\t\t\t\t\t\t\t\t\t\t<\/span>\n\t\t\t\t\t\t\t\t\t\t\t\t\t\t\t\t\t\t\t\t\t\t<span class=\"elementor-button-text\">Enviar mensaje<\/span>\n\t\t\t\t\t\t\t\t\t\t\t\t\t<\/span>\n\t\t\t\t\t<\/button>\n\t\t\t\t<\/div>\n\t\t\t<\/div>\n\t\t<\/form>\n\t\t\t\t<\/div>\n\t\t\t\t<\/div>\n\t\t\t\t\t<\/div>\n\t\t<\/div>\n\t\t\t\t<div class=\"aux-parallax-section elementor-column elementor-col-50 elementor-inner-column elementor-element elementor-element-9fe0060\" data-id=\"9fe0060\" data-element_type=\"column\" data-settings=\"{&quot;background_background&quot;:&quot;classic&quot;}\">\n\t\t\t<div class=\"elementor-widget-wrap elementor-element-populated\">\n\t\t\t\t\t\t<div class=\"elementor-element elementor-element-f16f9cf elementor-widget elementor-widget-aux_modern_heading\" data-id=\"f16f9cf\" data-element_type=\"widget\" data-widget_type=\"aux_modern_heading.default\">\n\t\t\t\t<div class=\"elementor-widget-container\">\n\t\t\t<section class=\"aux-widget-modern-heading\">\n            <div class=\"aux-widget-inner\"><h4 class=\"aux-modern-heading-primary\"><b>M\u00e1s informaci\u00f3n <\/b><\/h4><div class=\"aux-modern-heading-description\"><p>Si tienes alguna sugerencia o pregunta sobre la firma digital, rellena el formulario y nos pondremos en contacto contigo. <\/p>\n<\/div><\/div>\n        <\/section>\t\t<\/div>\n\t\t\t\t<\/div>\n\t\t\t\t\t<\/div>\n\t\t<\/div>\n\t\t\t\t\t<\/div>\n\t\t<\/section>\n\t\t\t\t\t<\/div>\n\t\t<\/div>\n\t\t\t\t\t<\/div>\n\t\t<\/section>\n\t\t\t\t<section class=\"elementor-section elementor-top-section elementor-element elementor-element-7a5210d elementor-section-boxed elementor-section-height-default elementor-section-height-default wpr-particle-no wpr-jarallax-no wpr-parallax-no wpr-sticky-section-no\" data-id=\"7a5210d\" data-element_type=\"section\">\n\t\t\t\t\t\t<div class=\"elementor-container elementor-column-gap-no\">\n\t\t\t\t\t<div class=\"aux-parallax-section elementor-column elementor-col-100 elementor-top-column elementor-element elementor-element-80596ba\" data-id=\"80596ba\" data-element_type=\"column\">\n\t\t\t<div class=\"elementor-widget-wrap elementor-element-populated\">\n\t\t\t\t\t\t<div class=\"elementor-element elementor-element-155ad5d elementor-widget__width-auto elementor-widget elementor-widget-aux_modern_heading\" data-id=\"155ad5d\" data-element_type=\"widget\" data-widget_type=\"aux_modern_heading.default\">\n\t\t\t\t<div class=\"elementor-widget-container\">\n\t\t\t<section class=\"aux-widget-modern-heading\">\n            <div class=\"aux-widget-inner\"><h4 class=\"aux-modern-heading-primary\">\u00a1Deje que Certillion haga m\u00e1s por usted!<\/h4><\/div>\n        <\/section>\t\t<\/div>\n\t\t\t\t<\/div>\n\t\t\t\t<section class=\"elementor-section elementor-inner-section elementor-element elementor-element-ed6fdcf elementor-reverse-mobile elementor-section-boxed elementor-section-height-default elementor-section-height-default wpr-particle-no wpr-jarallax-no wpr-parallax-no wpr-sticky-section-no\" data-id=\"ed6fdcf\" data-element_type=\"section\">\n\t\t\t\t\t\t<div class=\"elementor-container elementor-column-gap-no\">\n\t\t\t\t\t<div class=\"aux-parallax-section elementor-column elementor-col-50 elementor-inner-column elementor-element elementor-element-8237b6f\" data-id=\"8237b6f\" data-element_type=\"column\">\n\t\t\t<div class=\"elementor-widget-wrap elementor-element-populated\">\n\t\t\t\t\t\t<div class=\"elementor-element elementor-element-b7692db elementor-widget elementor-widget-aux_text\" data-id=\"b7692db\" data-element_type=\"widget\" data-widget_type=\"aux_text.default\">\n\t\t\t\t<div class=\"elementor-widget-container\">\n\t\t\t<section class=\"widget-container aux-widget-text aux-parent-auab441dbe\">        <div class=\"aux-widget-advanced-text aux-wrap-style-simple aux-ico-pos-left aux-text-left aux-text-resp- aux-text-color-dark aux-text-widget-bg-center  \" >\n        \n                            <div class=\"aux-text-widget-header \"  >\n                        <div class=\"aux-ico-box aux-ico-large aux-ico-clear \">\n                                                                <svg id=\"Address_Icon\" xmlns=\"http:\/\/www.w3.org\/2000\/svg\" width=\"60\" height=\"60\" viewBox=\"0 0 60 60\">\r\n  <circle id=\"Ellipse_1\" data-name=\"Ellipse 1\" cx=\"30\" cy=\"30\" r=\"30\" fill=\"var( --e-global-color-primary )\" opacity=\"0.1\" \/>\r\n  <path id=\"Shape_5\" d=\"M3222.046,265A10.111,10.111,0,0,0,3212,275.256c0,3.324,5.581,12.63,8.651,18.043a1.592,1.592,0,0,0,2.7-.095c2.977-5.318,8.651-14.53,8.651-17.949A10.093,10.093,0,0,0,3222.046,265Zm0,14.72a4.513,4.513,0,1,1,4.372-4.464A4.433,4.433,0,0,1,3222.046,279.72Z\" transform=\"translate(-3192 -249)\" fill=\"var( --e-global-color-primary )\" \/>\r\n<\/svg>\r\n                                                    <\/div>\n                <\/div>\n            \n            <div class=\"aux-text-inner aux-text-widget-content\">\n                                <h4 class=\"col-title\">D\u00f3nde estamos<\/h4>\n                                <div class=\"widget-content\">\n                                        <p>Rua Esteves J\u00fanior, N\u00ba 50, Sala 404, Edif\u00edcio Top Tower, Centro, Florian\u00f3polis \u2013 SC, CEP: 88.015-130.<\/p>                <\/div>\n                            <\/div>\n        <\/div>\n                    <div class=\"aux-text-widget-footer\">\n                <div class=\"aux-border-shape-none \">\n                                <\/div>\n            <\/div>\n        \n<\/section><!-- widget-container -->\t\t<\/div>\n\t\t\t\t<\/div>\n\t\t\t\t<div class=\"elementor-element elementor-element-13e4fbc elementor-widget elementor-widget-aux_text\" data-id=\"13e4fbc\" data-element_type=\"widget\" data-widget_type=\"aux_text.default\">\n\t\t\t\t<div class=\"elementor-widget-container\">\n\t\t\t<section class=\"widget-container aux-widget-text aux-parent-au05b79a9e\">        <div class=\"aux-widget-advanced-text aux-wrap-style-simple aux-ico-pos-left aux-text-left aux-text-resp- aux-text-color-dark aux-text-widget-bg-center  \" >\n        \n                            <div class=\"aux-text-widget-header \"  >\n                        <div class=\"aux-ico-box aux-ico-large aux-ico-clear \">\n                                                                <svg xmlns=\"http:\/\/www.w3.org\/2000\/svg\" width=\"60\" height=\"60\" viewBox=\"0 0 60 60\">\r\n  <g id=\"Mail_Icon\" data-name=\"Mail Icon\" transform=\"translate(0 -148)\">\r\n    <circle id=\"Ellipse_1\" data-name=\"Ellipse 1\" cx=\"30\" cy=\"30\" r=\"30\" transform=\"translate(0 148)\" fill=\"var( --e-global-color-primary )\" opacity=\"0.1\" \/>\r\n    <path id=\"Shape_4\" d=\"M2.534,14.995A2.584,2.584,0,0,1,0,12.362V2.632A2.7,2.7,0,0,1,.211,1.56L7.18,8.8a0,0,0,0,1,0,0,3.2,3.2,0,0,0,4.645,0l6.969-7.24a2.687,2.687,0,0,1,.211,1.073v9.73a2.585,2.585,0,0,1-2.534,2.633Zm5.7-7.283L1.2.4A2.47,2.47,0,0,1,2.534,0H16.472a2.472,2.472,0,0,1,1.339.4L10.771,7.712a1.752,1.752,0,0,1-2.534,0Z\" transform=\"translate(20.996 171.003)\" fill=\"var( --e-global-color-primary )\" \/>\r\n  <\/g>\r\n<\/svg>\r\n                                                    <\/div>\n                <\/div>\n            \n            <div class=\"aux-text-inner aux-text-widget-content\">\n                                <h4 class=\"col-title\">Correo electr\u00f3nico<\/h4>\n                                <div class=\"widget-content\">\n                                        <p><a href=\"mailto:contato@certillion.com\">contato@certillion.com <\/a> <\/p>\n                <\/div>\n                            <\/div>\n        <\/div>\n                    <div class=\"aux-text-widget-footer\">\n                <div class=\"aux-border-shape-none \">\n                                <\/div>\n            <\/div>\n        \n<\/section><!-- widget-container -->\t\t<\/div>\n\t\t\t\t<\/div>\n\t\t\t\t<div class=\"elementor-element elementor-element-4aa917e elementor-widget elementor-widget-aux_text\" data-id=\"4aa917e\" data-element_type=\"widget\" data-widget_type=\"aux_text.default\">\n\t\t\t\t<div class=\"elementor-widget-container\">\n\t\t\t<section class=\"widget-container aux-widget-text aux-parent-au9f276949\">        <div class=\"aux-widget-advanced-text aux-wrap-style-simple aux-ico-pos-left aux-text-left aux-text-resp- aux-text-color-dark aux-text-widget-bg-center  \" >\n        \n                            <div class=\"aux-text-widget-header \"  >\n                        <div class=\"aux-ico-box aux-ico-large aux-ico-clear \">\n                                                                <svg xmlns=\"http:\/\/www.w3.org\/2000\/svg\" width=\"60\" height=\"60\" viewBox=\"0 0 60 60\">\r\n  <g id=\"Phone_Icon\" data-name=\"Phone Icon\" transform=\"translate(0 -294)\">\r\n    <circle id=\"Ellipse_1\" data-name=\"Ellipse 1\" cx=\"30\" cy=\"30\" r=\"30\" transform=\"translate(0 294)\" fill=\"var( --e-global-color-primary )\" opacity=\"0.1\" \/>\r\n    <path id=\"Shape_3\" d=\"M3225.1,578.075c.285-.356,1.283-2,2.779-1.5,1.568.5,5.487,1.853,3.634,4.276-6.2,8.411-24.722-10.193-16.386-16.394,2.422-1.782,3.776,2.067,4.275,3.635s-1.069,2.495-1.5,2.78C3216.837,571.874,3224.175,579.144,3225.1,578.075Z\" transform=\"translate(-3192 -249)\" fill=\"var( --e-global-color-primary )\" \/>\r\n  <\/g>\r\n<\/svg>\r\n                                                    <\/div>\n                <\/div>\n            \n            <div class=\"aux-text-inner aux-text-widget-content\">\n                                <h4 class=\"col-title\">Contactar<\/h4>\n                                <div class=\"widget-content\">\n                                        <p>(61) 3323-4410<\/p>\n                <\/div>\n                            <\/div>\n        <\/div>\n                    <div class=\"aux-text-widget-footer\">\n                <div class=\"aux-border-shape-none \">\n                                <\/div>\n            <\/div>\n        \n<\/section><!-- widget-container -->\t\t<\/div>\n\t\t\t\t<\/div>\n\t\t\t\t\t<\/div>\n\t\t<\/div>\n\t\t\t\t<div class=\"aux-parallax-section elementor-column elementor-col-50 elementor-inner-column elementor-element elementor-element-b3e6b40\" data-id=\"b3e6b40\" data-element_type=\"column\" data-settings=\"{&quot;background_background&quot;:&quot;classic&quot;}\">\n\t\t\t<div class=\"elementor-widget-wrap elementor-element-populated\">\n\t\t\t\t\t\t<div class=\"elementor-element elementor-element-e8ae3da elementor-widget elementor-widget-google_maps\" data-id=\"e8ae3da\" data-element_type=\"widget\" data-widget_type=\"google_maps.default\">\n\t\t\t\t<div class=\"elementor-widget-container\">\n\t\t\t\t\t<div class=\"elementor-custom-embed\">\n\t\t\t<iframe loading=\"lazy\"\n\t\t\t\t\tsrc=\"https:\/\/www.google.com\/maps\/embed\/v1\/place?key=AIzaSyCiYHgBuqbEIVnSMhkr3_9mUT069m9Wz4c&#038;q=SCN%2C%20Qd%2004%2C%20Ed%20Varig%2C%20Bl%20B%2C%20Sl%20702%2C%20Bras%C3%ADlia%2C%20CEP%2070%20714-020&#038;zoom=18\"\n\t\t\t\t\ttitle=\"SCN, Qd 04, Ed Varig, Bl B, Sl 702, Bras\u00edlia, CEP 70 714-020\"\n\t\t\t\t\taria-label=\"SCN, Qd 04, Ed Varig, Bl B, Sl 702, Bras\u00edlia, CEP 70 714-020\"\n\t\t\t><\/iframe>\n\t\t<\/div>\n\t\t\t\t<\/div>\n\t\t\t\t<\/div>\n\t\t\t\t\t<\/div>\n\t\t<\/div>\n\t\t\t\t\t<\/div>\n\t\t<\/section>\n\t\t\t\t\t<\/div>\n\t\t<\/div>\n\t\t\t\t\t<\/div>\n\t\t<\/section>\n\t\t\t\t<\/div>\n\t\t","protected":false},"excerpt":{"rendered":"<p>Contactar P\u00f3ngase en contacto con nosotros M\u00e1s informaci\u00f3n Si tienes alguna sugerencia o pregunta sobre la firma digital, rellena el formulario y nos pondremos en contacto contigo. \u00a1Deje que Certillion haga m\u00e1s por usted! D\u00f3nde estamos Rua Esteves J\u00fanior, N\u00ba 50, Sala 404, Edif\u00edcio Top Tower, Centro, Florian\u00f3polis \u2013 SC, CEP: 88.015-130. Correo electr\u00f3nico contato@certillion.com Contactar (61) 3323-4410<\/p>\n","protected":false},"author":2,"featured_media":0,"parent":0,"menu_order":25,"comment_status":"closed","ping_status":"closed","template":"templates\/page-builder-content.php","meta":{"footnotes":""},"class_list":["post-9000","page","type-page","status-publish","hentry"],"yoast_head":"<!-- This site is optimized with the Yoast SEO Premium plugin v22.5 (Yoast SEO v23.7) - https:\/\/yoast.com\/wordpress\/plugins\/seo\/ -->\n<title>Contactar - Certillion<\/title>\n<meta name=\"description\" content=\"Rellene la informaci\u00f3n del formulario y nos pondremos en contacto con usted. Si se trata de un caso urgente, env\u00edanos un correo electr\u00f3nico.\" \/>\n<meta name=\"robots\" content=\"index, follow, max-snippet:-1, max-image-preview:large, max-video-preview:-1\" \/>\n<link rel=\"canonical\" href=\"https:\/\/certillion.com\/contato\/\" \/>\n<meta property=\"og:locale\" content=\"es_ES\" \/>\n<meta property=\"og:type\" content=\"article\" \/>\n<meta property=\"og:title\" content=\"Contactar\" \/>\n<meta property=\"og:description\" content=\"Rellene la informaci\u00f3n del formulario y nos pondremos en contacto con usted. Si se trata de un caso urgente, env\u00edanos un correo electr\u00f3nico.\" \/>\n<meta property=\"og:url\" content=\"https:\/\/certillion.com\/contato\/\" \/>\n<meta property=\"og:site_name\" content=\"Certillion\" \/>\n<meta property=\"article:publisher\" content=\"https:\/\/www.facebook.com\/certillion\" \/>\n<meta property=\"article:modified_time\" content=\"2025-04-22T11:47:04+00:00\" \/>\n<meta name=\"twitter:card\" content=\"summary_large_image\" \/>\n<meta name=\"twitter:label1\" content=\"Tiempo de lectura\" \/>\n\t<meta name=\"twitter:data1\" content=\"1 minuto\" \/>\n<script type=\"application\/ld+json\" class=\"yoast-schema-graph\">{\"@context\":\"https:\/\/schema.org\",\"@graph\":[{\"@type\":\"WebPage\",\"@id\":\"https:\/\/certillion.com\/contato\/\",\"url\":\"https:\/\/certillion.com\/contato\/\",\"name\":\"Contactar - Certillion\",\"isPartOf\":{\"@id\":\"https:\/\/certillion.com\/#website\"},\"datePublished\":\"2024-01-22T13:55:46+00:00\",\"dateModified\":\"2025-04-22T11:47:04+00:00\",\"description\":\"Rellene la informaci\u00f3n del formulario y nos pondremos en contacto con usted. Si se trata de un caso urgente, env\u00edanos un correo electr\u00f3nico.\",\"breadcrumb\":{\"@id\":\"https:\/\/certillion.com\/contato\/#breadcrumb\"},\"inLanguage\":\"es\",\"potentialAction\":[{\"@type\":\"ReadAction\",\"target\":[\"https:\/\/certillion.com\/contato\/\"]}]},{\"@type\":\"BreadcrumbList\",\"@id\":\"https:\/\/certillion.com\/contato\/#breadcrumb\",\"itemListElement\":[{\"@type\":\"ListItem\",\"position\":1,\"name\":\"In\u00edcio\",\"item\":\"https:\/\/certillion.com\/en\/\"},{\"@type\":\"ListItem\",\"position\":2,\"name\":\"Contactar\"}]},{\"@type\":\"WebSite\",\"@id\":\"https:\/\/certillion.com\/#website\",\"url\":\"https:\/\/certillion.com\/\",\"name\":\"Certillion - Certifica\u00e7\u00e3o Digital\",\"description\":\"Simples, R\u00e1pido e Seguro\",\"publisher\":{\"@id\":\"https:\/\/certillion.com\/#organization\"},\"potentialAction\":[{\"@type\":\"SearchAction\",\"target\":{\"@type\":\"EntryPoint\",\"urlTemplate\":\"https:\/\/certillion.com\/?s={search_term_string}\"},\"query-input\":{\"@type\":\"PropertyValueSpecification\",\"valueRequired\":true,\"valueName\":\"search_term_string\"}}],\"inLanguage\":\"es\"},{\"@type\":\"Organization\",\"@id\":\"https:\/\/certillion.com\/#organization\",\"name\":\"E-sec Seguran\u00e7a Digital\",\"url\":\"https:\/\/certillion.com\/\",\"logo\":{\"@type\":\"ImageObject\",\"inLanguage\":\"es\",\"@id\":\"https:\/\/certillion.com\/#\/schema\/logo\/image\/\",\"url\":\"https:\/\/certillion.com\/wp-content\/uploads\/2021\/07\/Certillion-Dark.svg\",\"contentUrl\":\"https:\/\/certillion.com\/wp-content\/uploads\/2021\/07\/Certillion-Dark.svg\",\"width\":218,\"height\":62,\"caption\":\"E-sec Seguran\u00e7a Digital\"},\"image\":{\"@id\":\"https:\/\/certillion.com\/#\/schema\/logo\/image\/\"},\"sameAs\":[\"https:\/\/www.facebook.com\/certillion\",\"https:\/\/www.linkedin.com\/company\/certillion\/\",\"https:\/\/www.instagram.com\/certillion\/\"]}]}<\/script>\n<!-- \/ Yoast SEO Premium plugin. -->","yoast_head_json":{"title":"Contactar - Certillion","description":"Rellene la informaci\u00f3n del formulario y nos pondremos en contacto con usted. Si se trata de un caso urgente, env\u00edanos un correo electr\u00f3nico.","robots":{"index":"index","follow":"follow","max-snippet":"max-snippet:-1","max-image-preview":"max-image-preview:large","max-video-preview":"max-video-preview:-1"},"canonical":"https:\/\/certillion.com\/contato\/","og_locale":"es_ES","og_type":"article","og_title":"Contactar","og_description":"Rellene la informaci\u00f3n del formulario y nos pondremos en contacto con usted. Si se trata de un caso urgente, env\u00edanos un correo electr\u00f3nico.","og_url":"https:\/\/certillion.com\/contato\/","og_site_name":"Certillion","article_publisher":"https:\/\/www.facebook.com\/certillion","article_modified_time":"2025-04-22T11:47:04+00:00","twitter_card":"summary_large_image","twitter_misc":{"Tiempo de lectura":"1 minuto"},"schema":{"@context":"https:\/\/schema.org","@graph":[{"@type":"WebPage","@id":"https:\/\/certillion.com\/contato\/","url":"https:\/\/certillion.com\/contato\/","name":"Contactar - Certillion","isPartOf":{"@id":"https:\/\/certillion.com\/#website"},"datePublished":"2024-01-22T13:55:46+00:00","dateModified":"2025-04-22T11:47:04+00:00","description":"Rellene la informaci\u00f3n del formulario y nos pondremos en contacto con usted. Si se trata de un caso urgente, env\u00edanos un correo electr\u00f3nico.","breadcrumb":{"@id":"https:\/\/certillion.com\/contato\/#breadcrumb"},"inLanguage":"es","potentialAction":[{"@type":"ReadAction","target":["https:\/\/certillion.com\/contato\/"]}]},{"@type":"BreadcrumbList","@id":"https:\/\/certillion.com\/contato\/#breadcrumb","itemListElement":[{"@type":"ListItem","position":1,"name":"In\u00edcio","item":"https:\/\/certillion.com\/en\/"},{"@type":"ListItem","position":2,"name":"Contactar"}]},{"@type":"WebSite","@id":"https:\/\/certillion.com\/#website","url":"https:\/\/certillion.com\/","name":"Certillion - Certifica\u00e7\u00e3o Digital","description":"Simples, R\u00e1pido e Seguro","publisher":{"@id":"https:\/\/certillion.com\/#organization"},"potentialAction":[{"@type":"SearchAction","target":{"@type":"EntryPoint","urlTemplate":"https:\/\/certillion.com\/?s={search_term_string}"},"query-input":{"@type":"PropertyValueSpecification","valueRequired":true,"valueName":"search_term_string"}}],"inLanguage":"es"},{"@type":"Organization","@id":"https:\/\/certillion.com\/#organization","name":"E-sec Seguran\u00e7a Digital","url":"https:\/\/certillion.com\/","logo":{"@type":"ImageObject","inLanguage":"es","@id":"https:\/\/certillion.com\/#\/schema\/logo\/image\/","url":"https:\/\/certillion.com\/wp-content\/uploads\/2021\/07\/Certillion-Dark.svg","contentUrl":"https:\/\/certillion.com\/wp-content\/uploads\/2021\/07\/Certillion-Dark.svg","width":218,"height":62,"caption":"E-sec Seguran\u00e7a Digital"},"image":{"@id":"https:\/\/certillion.com\/#\/schema\/logo\/image\/"},"sameAs":["https:\/\/www.facebook.com\/certillion","https:\/\/www.linkedin.com\/company\/certillion\/","https:\/\/www.instagram.com\/certillion\/"]}]}},"_links":{"self":[{"href":"https:\/\/certillion.com\/es\/wp-json\/wp\/v2\/pages\/9000","targetHints":{"allow":["GET"]}}],"collection":[{"href":"https:\/\/certillion.com\/es\/wp-json\/wp\/v2\/pages"}],"about":[{"href":"https:\/\/certillion.com\/es\/wp-json\/wp\/v2\/types\/page"}],"author":[{"embeddable":true,"href":"https:\/\/certillion.com\/es\/wp-json\/wp\/v2\/users\/2"}],"replies":[{"embeddable":true,"href":"https:\/\/certillion.com\/es\/wp-json\/wp\/v2\/comments?post=9000"}],"version-history":[{"count":0,"href":"https:\/\/certillion.com\/es\/wp-json\/wp\/v2\/pages\/9000\/revisions"}],"wp:attachment":[{"href":"https:\/\/certillion.com\/es\/wp-json\/wp\/v2\/media?parent=9000"}],"curies":[{"name":"wp","href":"https:\/\/api.w.org\/{rel}","templated":true}]}}